{"id":5659,"date":"2024-04-12T11:48:19","date_gmt":"2024-04-12T16:48:19","guid":{"rendered":"https:\/\/cuidadoseguro.com.co\/csc3\/?page_id=5659"},"modified":"2024-10-21T13:49:52","modified_gmt":"2024-10-21T18:49:52","slug":"circular-ce-003-2018","status":"publish","type":"page","link":"https:\/\/cuidadoseguro.com.co\/csc3\/circular-ce-003-2018\/","title":{"rendered":"Circular CE 003- 2018"},"content":{"rendered":"<style>.elementor-5659 .elementor-element.elementor-element-625fc0e2 > .elementor-container{max-width:1170px;}.elementor-5659 .elementor-element.elementor-element-625fc0e2 > .elementor-container > .elementor-column > .elementor-widget-wrap{align-content:center;align-items:center;}.elementor-5659 .elementor-element.elementor-element-625fc0e2:not(.elementor-motion-effects-element-type-background), .elementor-5659 .elementor-element.elementor-element-625fc0e2 > .elementor-motion-effects-container > .elementor-motion-effects-layer{background-image:url(\"https:\/\/cuidadoseguro.com.co\/csc3\/wp-content\/uploads\/2022\/09\/ESTADOS-FINANCIEROS.jpg\");background-position:0px 23%;background-repeat:no-repeat;background-size:cover;}.elementor-5659 .elementor-element.elementor-element-625fc0e2 > .elementor-background-overlay{background-color:var( --e-global-color-18eacbc );opacity:0.8;transition:background 0.3s, border-radius 0.3s, opacity 0.3s;}.elementor-5659 .elementor-element.elementor-element-625fc0e2{transition:background 0.3s, border 0.3s, border-radius 0.3s, box-shadow 0.3s;padding:140px 0px 140px 0px;}.elementor-5659 .elementor-element.elementor-element-ef59819{text-align:start;}.elementor-5659 .elementor-element.elementor-element-ef59819 .elementor-heading-title{font-family:var( --e-global-typography-secondary-font-family ), Sans-serif;font-size:var( --e-global-typography-secondary-font-size );font-weight:var( --e-global-typography-secondary-font-weight );line-height:var( --e-global-typography-secondary-line-height );color:var( --e-global-color-1517109 );}.elementor-5659 .elementor-element.elementor-element-66695802 > .elementor-container{max-width:1170px;}.elementor-5659 .elementor-element.elementor-element-66695802:not(.elementor-motion-effects-element-type-background), .elementor-5659 .elementor-element.elementor-element-66695802 > .elementor-motion-effects-container > .elementor-motion-effects-layer{background-color:var( --e-global-color-bb5b08c );}.elementor-5659 .elementor-element.elementor-element-66695802{transition:background 0.3s, border 0.3s, border-radius 0.3s, box-shadow 0.3s;padding:100px 0px 100px 0px;}.elementor-5659 .elementor-element.elementor-element-66695802 > .elementor-background-overlay{transition:background 0.3s, border-radius 0.3s, opacity 0.3s;}.elementor-5659 .elementor-element.elementor-element-79c67e.elementor-column > .elementor-widget-wrap{justify-content:center;}.elementor-5659 .elementor-element.elementor-element-45fc12e9{text-align:center;}.elementor-5659 .elementor-element.elementor-element-45fc12e9 .elementor-heading-title{font-family:var( --e-global-typography-9ccb7f4-font-family ), Sans-serif;font-size:var( --e-global-typography-9ccb7f4-font-size );font-weight:var( --e-global-typography-9ccb7f4-font-weight );line-height:var( --e-global-typography-9ccb7f4-line-height );letter-spacing:var( --e-global-typography-9ccb7f4-letter-spacing );word-spacing:var( --e-global-typography-9ccb7f4-word-spacing );color:var( --e-global-color-accent );}.elementor-5659 .elementor-element.elementor-element-30f8467c{text-align:center;font-family:var( --e-global-typography-text-font-family ), Sans-serif;font-size:var( --e-global-typography-text-font-size );font-weight:var( --e-global-typography-text-font-weight );line-height:var( --e-global-typography-text-line-height );color:var( --e-global-color-text );}.elementor-5659 .elementor-element.elementor-element-30f8467c > .elementor-widget-container{padding:0% 0% 0% 0%;}.elementor-5659 .elementor-element.elementor-element-9558fba .elementor-tab-title, .elementor-5659 .elementor-element.elementor-element-9558fba .elementor-tab-title:before, .elementor-5659 .elementor-element.elementor-element-9558fba .elementor-tab-title:after, .elementor-5659 .elementor-element.elementor-element-9558fba .elementor-tab-content, .elementor-5659 .elementor-element.elementor-element-9558fba .elementor-tabs-content-wrapper{border-width:1px;}.elementor-5659 .elementor-element.elementor-element-9558fba .elementor-tab-desktop-title.elementor-active{background-color:var( --e-global-color-bb5b08c );}.elementor-5659 .elementor-element.elementor-element-9558fba .elementor-tabs-content-wrapper{background-color:var( --e-global-color-bb5b08c );}.elementor-5659 .elementor-element.elementor-element-9558fba .elementor-tab-title{text-transform:capitalize;}.elementor-5659 .elementor-element.elementor-element-3ec4403{--spacer-size:155px;}@media(max-width:1024px){.elementor-5659 .elementor-element.elementor-element-625fc0e2:not(.elementor-motion-effects-element-type-background), .elementor-5659 .elementor-element.elementor-element-625fc0e2 > .elementor-motion-effects-container > .elementor-motion-effects-layer{background-position:0px 0px;}.elementor-5659 .elementor-element.elementor-element-625fc0e2{padding:80px 10px 80px 10px;}.elementor-5659 .elementor-element.elementor-element-ef59819 .elementor-heading-title{font-size:var( --e-global-typography-secondary-font-size );line-height:var( --e-global-typography-secondary-line-height );}.elementor-5659 .elementor-element.elementor-element-66695802{padding:60px 10px 40px 10px;}.elementor-5659 .elementor-element.elementor-element-45fc12e9 .elementor-heading-title{font-size:var( --e-global-typography-9ccb7f4-font-size );line-height:var( --e-global-typography-9ccb7f4-line-height );letter-spacing:var( --e-global-typography-9ccb7f4-letter-spacing );word-spacing:var( --e-global-typography-9ccb7f4-word-spacing );}.elementor-5659 .elementor-element.elementor-element-30f8467c{font-size:var( --e-global-typography-text-font-size );line-height:var( --e-global-typography-text-line-height );}.elementor-5659 .elementor-element.elementor-element-30f8467c > .elementor-widget-container{padding:0% 10% 0% 10%;}}@media(max-width:767px){.elementor-5659 .elementor-element.elementor-element-625fc0e2:not(.elementor-motion-effects-element-type-background), .elementor-5659 .elementor-element.elementor-element-625fc0e2 > .elementor-motion-effects-container > .elementor-motion-effects-layer{background-position:0px 0px;}.elementor-5659 .elementor-element.elementor-element-625fc0e2{padding:60px 10px 60px 10px;}.elementor-5659 .elementor-element.elementor-element-ef59819{text-align:center;}.elementor-5659 .elementor-element.elementor-element-ef59819 .elementor-heading-title{font-size:var( --e-global-typography-secondary-font-size );line-height:var( --e-global-typography-secondary-line-height );}.elementor-5659 .elementor-element.elementor-element-66695802{padding:40px 5px 20px 5px;}.elementor-5659 .elementor-element.elementor-element-45fc12e9 .elementor-heading-title{font-size:var( --e-global-typography-9ccb7f4-font-size );line-height:var( --e-global-typography-9ccb7f4-line-height );letter-spacing:var( --e-global-typography-9ccb7f4-letter-spacing );word-spacing:var( --e-global-typography-9ccb7f4-word-spacing );}.elementor-5659 .elementor-element.elementor-element-30f8467c{font-size:var( --e-global-typography-text-font-size );line-height:var( --e-global-typography-text-line-height );}.elementor-5659 .elementor-element.elementor-element-30f8467c > .elementor-widget-container{padding:0px 0px 0px 0px;}}<\/style>\t\t<div data-elementor-type=\"wp-page\" data-elementor-id=\"5659\" class=\"elementor elementor-5659\" data-elementor-settings=\"{&quot;ha_cmc_init_switcher&quot;:&quot;no&quot;}\" data-elementor-post-type=\"page\">\n\t\t\t\t\t\t<section class=\"elementor-section elementor-top-section elementor-element elementor-element-625fc0e2 elementor-section-content-middle elementor-section-boxed elementor-section-height-default elementor-section-height-default wpr-particle-no wpr-jarallax-no wpr-parallax-no wpr-sticky-section-no wpr-equal-height-no\" data-id=\"625fc0e2\" data-element_type=\"section\" data-e-type=\"section\" data-settings=\"{&quot;background_background&quot;:&quot;classic&quot;,&quot;_ha_eqh_enable&quot;:false}\">\n\t\t\t\t\t\t\t<div class=\"elementor-background-overlay\"><\/div>\n\t\t\t\t\t\t\t<div class=\"elementor-container elementor-column-gap-default\">\n\t\t\t\t\t<div class=\"elementor-column elementor-col-100 elementor-top-column elementor-element elementor-element-cc4ddc9\" data-id=\"cc4ddc9\" data-element_type=\"column\" data-e-type=\"column\">\n\t\t\t<div class=\"elementor-widget-wrap elementor-element-populated\">\n\t\t\t\t\t\t<div class=\"elementor-element elementor-element-ef59819 elementor-widget elementor-widget-heading\" data-id=\"ef59819\" data-element_type=\"widget\" data-e-type=\"widget\" data-widget_type=\"heading.default\">\n\t\t\t\t<div class=\"elementor-widget-container\">\n\t\t\t\t\t<h2 class=\"elementor-heading-title elementor-size-default\">REPORTE CE 003 - 2018<\/h2>\t\t\t\t<\/div>\n\t\t\t\t<\/div>\n\t\t\t\t\t<\/div>\n\t\t<\/div>\n\t\t\t\t\t<\/div>\n\t\t<\/section>\n\t\t\t\t<section class=\"elementor-section elementor-top-section elementor-element elementor-element-66695802 elementor-section-boxed elementor-section-height-default elementor-section-height-default wpr-particle-no wpr-jarallax-no wpr-parallax-no wpr-sticky-section-no wpr-equal-height-no\" data-id=\"66695802\" data-element_type=\"section\" data-e-type=\"section\" data-settings=\"{&quot;background_background&quot;:&quot;classic&quot;,&quot;_ha_eqh_enable&quot;:false}\">\n\t\t\t\t\t\t<div class=\"elementor-container elementor-column-gap-default\">\n\t\t\t\t\t<div class=\"elementor-column elementor-col-100 elementor-top-column elementor-element elementor-element-79c67e\" data-id=\"79c67e\" data-element_type=\"column\" data-e-type=\"column\">\n\t\t\t<div class=\"elementor-widget-wrap elementor-element-populated\">\n\t\t\t\t\t\t<div class=\"elementor-element elementor-element-30f8467c elementor-widget elementor-widget-text-editor\" data-id=\"30f8467c\" data-element_type=\"widget\" data-e-type=\"widget\" data-widget_type=\"text-editor.default\">\n\t\t\t\t<div class=\"elementor-widget-container\">\n\t\t\t\t\t\t\t\t\t<p>REPORTE DE IMPLEMENTACI\u00d3N DE MEJORES PR\u00c1CTICAS ORGANIZACIONALES C\u00d3DIGO DE CONDUCTA Y DE BUEN GOBIERNO<\/p>\t\t\t\t\t\t\t\t<\/div>\n\t\t\t\t<\/div>\n\t\t\t\t\t<\/div>\n\t\t<\/div>\n\t\t\t\t\t<\/div>\n\t\t<\/section>\n\t\t\t\t<section class=\"elementor-section elementor-top-section elementor-element elementor-element-49a936a elementor-section-boxed elementor-section-height-default elementor-section-height-default wpr-particle-no wpr-jarallax-no wpr-parallax-no wpr-sticky-section-no wpr-equal-height-no\" data-id=\"49a936a\" data-element_type=\"section\" data-e-type=\"section\" data-settings=\"{&quot;_ha_eqh_enable&quot;:false}\">\n\t\t\t\t\t\t<div class=\"elementor-container elementor-column-gap-default\">\n\t\t\t\t\t<div class=\"elementor-column elementor-col-100 elementor-top-column elementor-element elementor-element-0d10e59\" data-id=\"0d10e59\" data-element_type=\"column\" data-e-type=\"column\">\n\t\t\t<div class=\"elementor-widget-wrap elementor-element-populated\">\n\t\t\t\t\t\t<div class=\"elementor-element elementor-element-9558fba elementor-tabs-view-vertical elementor-widget elementor-widget-tabs\" data-id=\"9558fba\" data-element_type=\"widget\" data-e-type=\"widget\" data-widget_type=\"tabs.default\">\n\t\t\t\t<div class=\"elementor-widget-container\">\n\t\t\t\t\t\t\t<div class=\"elementor-tabs\">\n\t\t\t<div class=\"elementor-tabs-wrapper\" role=\"tablist\" >\n\t\t\t\t\t\t\t\t\t<div id=\"elementor-tab-title-1561\" class=\"elementor-tab-title elementor-tab-desktop-title\" aria-selected=\"true\" data-tab=\"1\" role=\"tab\" tabindex=\"0\" aria-controls=\"elementor-tab-content-1561\" aria-expanded=\"false\">REPORTE CE 003 2018 V2024<\/div>\n\t\t\t\t\t\t\t\t\t<div id=\"elementor-tab-title-1562\" class=\"elementor-tab-title elementor-tab-desktop-title\" aria-selected=\"false\" data-tab=\"2\" role=\"tab\" tabindex=\"-1\" aria-controls=\"elementor-tab-content-1562\" aria-expanded=\"false\">REPORTE CE 003-2018 V2023<\/div>\n\t\t\t\t\t\t\t\t\t<div id=\"elementor-tab-title-1563\" class=\"elementor-tab-title elementor-tab-desktop-title\" aria-selected=\"false\" data-tab=\"3\" role=\"tab\" tabindex=\"-1\" aria-controls=\"elementor-tab-content-1563\" aria-expanded=\"false\">REPORTE CE 003-2018<\/div>\n\t\t\t\t\t\t\t<\/div>\n\t\t\t<div class=\"elementor-tabs-content-wrapper\" role=\"tablist\" aria-orientation=\"vertical\">\n\t\t\t\t\t\t\t\t\t<div class=\"elementor-tab-title elementor-tab-mobile-title\" aria-selected=\"true\" data-tab=\"1\" role=\"tab\" tabindex=\"0\" aria-controls=\"elementor-tab-content-1561\" aria-expanded=\"false\">REPORTE CE 003 2018 V2024<\/div>\n\t\t\t\t\t<div id=\"elementor-tab-content-1561\" class=\"elementor-tab-content elementor-clearfix\" data-tab=\"1\" role=\"tabpanel\" aria-labelledby=\"elementor-tab-title-1561\" tabindex=\"0\" hidden=\"false\"><iframe src=\"https:\/\/cuidadoseguro.com.co\/csc3\/wp-content\/uploads\/2024\/10\/Reporte-CE-003-2018-V2024.pdf\" width=\"100%\" height=\"700px\">\n<\/iframe><\/div>\n\t\t\t\t\t\t\t\t\t<div class=\"elementor-tab-title elementor-tab-mobile-title\" aria-selected=\"false\" data-tab=\"2\" role=\"tab\" tabindex=\"-1\" aria-controls=\"elementor-tab-content-1562\" aria-expanded=\"false\">REPORTE CE 003-2018 V2023<\/div>\n\t\t\t\t\t<div id=\"elementor-tab-content-1562\" class=\"elementor-tab-content elementor-clearfix\" data-tab=\"2\" role=\"tabpanel\" aria-labelledby=\"elementor-tab-title-1562\" tabindex=\"0\" hidden=\"hidden\"><iframe src=\"https:\/\/cuidadoseguro.com.co\/csc3\/wp-content\/uploads\/2024\/04\/Reporte-CE-003-2018-V2023.pdf\" width=\"100%\" height=\"700px\">\n<\/iframe><\/div>\n\t\t\t\t\t\t\t\t\t<div class=\"elementor-tab-title elementor-tab-mobile-title\" aria-selected=\"false\" data-tab=\"3\" role=\"tab\" tabindex=\"-1\" aria-controls=\"elementor-tab-content-1563\" aria-expanded=\"false\">REPORTE CE 003-2018<\/div>\n\t\t\t\t\t<div id=\"elementor-tab-content-1563\" class=\"elementor-tab-content elementor-clearfix\" data-tab=\"3\" role=\"tabpanel\" aria-labelledby=\"elementor-tab-title-1563\" tabindex=\"0\" hidden=\"hidden\"><iframe src=\"https:\/\/cuidadoseguro.com.co\/csc3\/wp-content\/uploads\/2023\/01\/Reporte-CE-003-2018.pdf\" width=\"100%\" height=\"700px\">\n<\/iframe><\/div>\n\t\t\t\t\t\t\t<\/div>\n\t\t<\/div>\n\t\t\t\t\t\t<\/div>\n\t\t\t\t<\/div>\n\t\t\t\t\t<\/div>\n\t\t<\/div>\n\t\t\t\t\t<\/div>\n\t\t<\/section>\n\t\t\t\t<section class=\"elementor-section elementor-top-section elementor-element elementor-element-0a8ca4e elementor-section-boxed elementor-section-height-default elementor-section-height-default wpr-particle-no wpr-jarallax-no wpr-parallax-no wpr-sticky-section-no wpr-equal-height-no\" data-id=\"0a8ca4e\" data-element_type=\"section\" data-e-type=\"section\" data-settings=\"{&quot;_ha_eqh_enable&quot;:false}\">\n\t\t\t\t\t\t<div class=\"elementor-container elementor-column-gap-default\">\n\t\t\t\t\t<div class=\"elementor-column elementor-col-100 elementor-top-column elementor-element elementor-element-04e815a\" data-id=\"04e815a\" data-element_type=\"column\" data-e-type=\"column\">\n\t\t\t<div class=\"elementor-widget-wrap elementor-element-populated\">\n\t\t\t\t\t\t<div class=\"elementor-element elementor-element-3ec4403 elementor-widget elementor-widget-spacer\" data-id=\"3ec4403\" data-element_type=\"widget\" data-e-type=\"widget\" data-widget_type=\"spacer.default\">\n\t\t\t\t<div class=\"elementor-widget-container\">\n\t\t\t\t\t\t\t<div class=\"elementor-spacer\">\n\t\t\t<div class=\"elementor-spacer-inner\"><\/div>\n\t\t<\/div>\n\t\t\t\t\t\t<\/div>\n\t\t\t\t<\/div>\n\t\t\t\t\t<\/div>\n\t\t<\/div>\n\t\t\t\t\t<\/div>\n\t\t<\/section>\n\t\t\t\t<\/div>\n\t\t","protected":false},"excerpt":{"rendered":"<p>REPORTE CE 003 &#8211; 2018 REPORTE DE IMPLEMENTACI\u00d3N DE MEJORES PR\u00c1CTICAS ORGANIZACIONALES C\u00d3DIGO DE CONDUCTA Y DE BUEN GOBIERNO REPORTE CE 003 2018 V2024 REPORTE CE 003-2018 V2023 REPORTE CE 003-2018 REPORTE CE 003 2018 V2024 REPORTE CE 003-2018 V2023 REPORTE CE 003-2018<\/p>\n","protected":false},"author":1,"featured_media":0,"parent":0,"menu_order":0,"comment_status":"closed","ping_status":"closed","template":"","meta":{"footnotes":""},"class_list":["post-5659","page","type-page","status-publish","hentry"],"_links":{"self":[{"href":"https:\/\/cuidadoseguro.com.co\/csc3\/wp-json\/wp\/v2\/pages\/5659","targetHints":{"allow":["GET"]}}],"collection":[{"href":"https:\/\/cuidadoseguro.com.co\/csc3\/wp-json\/wp\/v2\/pages"}],"about":[{"href":"https:\/\/cuidadoseguro.com.co\/csc3\/wp-json\/wp\/v2\/types\/page"}],"author":[{"embeddable":true,"href":"https:\/\/cuidadoseguro.com.co\/csc3\/wp-json\/wp\/v2\/users\/1"}],"replies":[{"embeddable":true,"href":"https:\/\/cuidadoseguro.com.co\/csc3\/wp-json\/wp\/v2\/comments?post=5659"}],"version-history":[{"count":8,"href":"https:\/\/cuidadoseguro.com.co\/csc3\/wp-json\/wp\/v2\/pages\/5659\/revisions"}],"predecessor-version":[{"id":6312,"href":"https:\/\/cuidadoseguro.com.co\/csc3\/wp-json\/wp\/v2\/pages\/5659\/revisions\/6312"}],"wp:attachment":[{"href":"https:\/\/cuidadoseguro.com.co\/csc3\/wp-json\/wp\/v2\/media?parent=5659"}],"curies":[{"name":"wp","href":"https:\/\/api.w.org\/{rel}","templated":true}]}}