{"id":1323,"date":"2022-09-21T19:23:36","date_gmt":"2022-09-22T00:23:36","guid":{"rendered":"https:\/\/cuidadoseguro.com.co\/csc3\/?page_id=1323"},"modified":"2026-04-09T16:21:24","modified_gmt":"2026-04-09T21:21:24","slug":"informes-de-gestion","status":"publish","type":"page","link":"https:\/\/cuidadoseguro.com.co\/csc3\/informes-de-gestion\/","title":{"rendered":"Informes de Gestion"},"content":{"rendered":"<style>.elementor-1323 .elementor-element.elementor-element-278a30bb > .elementor-container{max-width:1170px;}.elementor-1323 .elementor-element.elementor-element-278a30bb > .elementor-container > .elementor-column > .elementor-widget-wrap{align-content:center;align-items:center;}.elementor-1323 .elementor-element.elementor-element-278a30bb:not(.elementor-motion-effects-element-type-background), .elementor-1323 .elementor-element.elementor-element-278a30bb > .elementor-motion-effects-container > .elementor-motion-effects-layer{background-image:url(\"https:\/\/cuidadoseguro.com.co\/csc3\/wp-content\/uploads\/2022\/09\/Informes-de-Gestion.jpg\");background-position:0px 47%;background-repeat:no-repeat;background-size:cover;}.elementor-1323 .elementor-element.elementor-element-278a30bb > .elementor-background-overlay{background-color:var( --e-global-color-18eacbc );opacity:0.8;transition:background 0.3s, border-radius 0.3s, opacity 0.3s;}.elementor-1323 .elementor-element.elementor-element-278a30bb{transition:background 0.3s, border 0.3s, border-radius 0.3s, box-shadow 0.3s;padding:140px 0px 140px 0px;}.elementor-1323 .elementor-element.elementor-element-27aa9d93{text-align:start;}.elementor-1323 .elementor-element.elementor-element-27aa9d93 .elementor-heading-title{font-family:var( --e-global-typography-secondary-font-family ), Sans-serif;font-size:var( --e-global-typography-secondary-font-size );font-weight:var( --e-global-typography-secondary-font-weight );line-height:var( --e-global-typography-secondary-line-height );color:var( --e-global-color-1517109 );}.elementor-1323 .elementor-element.elementor-element-56c31d1b .elementor-tab-title, .elementor-1323 .elementor-element.elementor-element-56c31d1b .elementor-tab-title:before, .elementor-1323 .elementor-element.elementor-element-56c31d1b .elementor-tab-title:after, .elementor-1323 .elementor-element.elementor-element-56c31d1b .elementor-tab-content, .elementor-1323 .elementor-element.elementor-element-56c31d1b .elementor-tabs-content-wrapper{border-width:1px;}.elementor-1323 .elementor-element.elementor-element-56c31d1b .elementor-tab-desktop-title.elementor-active{background-color:var( --e-global-color-bb5b08c );}.elementor-1323 .elementor-element.elementor-element-56c31d1b .elementor-tabs-content-wrapper{background-color:var( --e-global-color-bb5b08c );}.elementor-1323 .elementor-element.elementor-element-56c31d1b .elementor-tab-title{text-transform:capitalize;}@media(max-width:1024px){.elementor-1323 .elementor-element.elementor-element-278a30bb:not(.elementor-motion-effects-element-type-background), .elementor-1323 .elementor-element.elementor-element-278a30bb > .elementor-motion-effects-container > .elementor-motion-effects-layer{background-position:0px 0px;}.elementor-1323 .elementor-element.elementor-element-278a30bb{padding:80px 10px 80px 10px;}.elementor-1323 .elementor-element.elementor-element-27aa9d93 .elementor-heading-title{font-size:var( --e-global-typography-secondary-font-size );line-height:var( --e-global-typography-secondary-line-height );}}@media(max-width:767px){.elementor-1323 .elementor-element.elementor-element-278a30bb:not(.elementor-motion-effects-element-type-background), .elementor-1323 .elementor-element.elementor-element-278a30bb > .elementor-motion-effects-container > .elementor-motion-effects-layer{background-position:0px 0px;}.elementor-1323 .elementor-element.elementor-element-278a30bb{padding:60px 10px 60px 10px;}.elementor-1323 .elementor-element.elementor-element-27aa9d93{text-align:center;}.elementor-1323 .elementor-element.elementor-element-27aa9d93 .elementor-heading-title{font-size:var( --e-global-typography-secondary-font-size );line-height:var( --e-global-typography-secondary-line-height );}}<\/style>\t\t<div data-elementor-type=\"wp-page\" data-elementor-id=\"1323\" class=\"elementor elementor-1323\" data-elementor-settings=\"{&quot;ha_cmc_init_switcher&quot;:&quot;no&quot;}\" data-elementor-post-type=\"page\">\n\t\t\t\t\t\t<section class=\"elementor-section elementor-top-section elementor-element elementor-element-278a30bb elementor-section-content-middle elementor-section-boxed elementor-section-height-default elementor-section-height-default wpr-particle-no wpr-jarallax-no wpr-parallax-no wpr-sticky-section-no wpr-equal-height-no\" data-id=\"278a30bb\" data-element_type=\"section\" data-e-type=\"section\" data-settings=\"{&quot;background_background&quot;:&quot;classic&quot;,&quot;_ha_eqh_enable&quot;:false}\">\n\t\t\t\t\t\t\t<div class=\"elementor-background-overlay\"><\/div>\n\t\t\t\t\t\t\t<div class=\"elementor-container elementor-column-gap-default\">\n\t\t\t\t\t<div class=\"elementor-column elementor-col-50 elementor-top-column elementor-element elementor-element-51c66fc8\" data-id=\"51c66fc8\" data-element_type=\"column\" data-e-type=\"column\">\n\t\t\t<div class=\"elementor-widget-wrap elementor-element-populated\">\n\t\t\t\t\t\t<div class=\"elementor-element elementor-element-27aa9d93 elementor-widget elementor-widget-heading\" data-id=\"27aa9d93\" data-element_type=\"widget\" data-e-type=\"widget\" data-widget_type=\"heading.default\">\n\t\t\t\t<div class=\"elementor-widget-container\">\n\t\t\t\t\t<h2 class=\"elementor-heading-title elementor-size-default\">Informes de Gesti\u00f3n<\/h2>\t\t\t\t<\/div>\n\t\t\t\t<\/div>\n\t\t\t\t\t<\/div>\n\t\t<\/div>\n\t\t\t\t<div class=\"elementor-column elementor-col-50 elementor-top-column elementor-element elementor-element-79175d7a\" data-id=\"79175d7a\" data-element_type=\"column\" data-e-type=\"column\">\n\t\t\t<div class=\"elementor-widget-wrap\">\n\t\t\t\t\t\t\t<\/div>\n\t\t<\/div>\n\t\t\t\t\t<\/div>\n\t\t<\/section>\n\t\t\t\t<section class=\"elementor-section elementor-top-section elementor-element elementor-element-fbd0fbc elementor-section-boxed elementor-section-height-default elementor-section-height-default wpr-particle-no wpr-jarallax-no wpr-parallax-no wpr-sticky-section-no wpr-equal-height-no\" data-id=\"fbd0fbc\" data-element_type=\"section\" data-e-type=\"section\" data-settings=\"{&quot;_ha_eqh_enable&quot;:false}\">\n\t\t\t\t\t\t<div class=\"elementor-container elementor-column-gap-default\">\n\t\t\t\t\t<div class=\"elementor-column elementor-col-100 elementor-top-column elementor-element elementor-element-64ff296e\" data-id=\"64ff296e\" data-element_type=\"column\" data-e-type=\"column\">\n\t\t\t<div class=\"elementor-widget-wrap elementor-element-populated\">\n\t\t\t\t\t\t<div class=\"elementor-element elementor-element-56c31d1b elementor-tabs-view-vertical elementor-widget elementor-widget-tabs\" data-id=\"56c31d1b\" data-element_type=\"widget\" data-e-type=\"widget\" data-widget_type=\"tabs.default\">\n\t\t\t\t<div class=\"elementor-widget-container\">\n\t\t\t\t\t\t\t<div class=\"elementor-tabs\">\n\t\t\t<div class=\"elementor-tabs-wrapper\" role=\"tablist\" >\n\t\t\t\t\t\t\t\t\t<div id=\"elementor-tab-title-1451\" class=\"elementor-tab-title elementor-tab-desktop-title\" aria-selected=\"true\" data-tab=\"1\" role=\"tab\" tabindex=\"0\" aria-controls=\"elementor-tab-content-1451\" aria-expanded=\"false\">informe de gesti\u00f3n 2025<\/div>\n\t\t\t\t\t\t\t\t\t<div id=\"elementor-tab-title-1452\" class=\"elementor-tab-title elementor-tab-desktop-title\" aria-selected=\"false\" data-tab=\"2\" role=\"tab\" tabindex=\"-1\" aria-controls=\"elementor-tab-content-1452\" aria-expanded=\"false\">informe de gesti\u00f3n 2024<\/div>\n\t\t\t\t\t\t\t\t\t<div id=\"elementor-tab-title-1453\" class=\"elementor-tab-title elementor-tab-desktop-title\" aria-selected=\"false\" data-tab=\"3\" role=\"tab\" tabindex=\"-1\" aria-controls=\"elementor-tab-content-1453\" aria-expanded=\"false\">informe de gesti\u00f3n 2023<\/div>\n\t\t\t\t\t\t\t\t\t<div id=\"elementor-tab-title-1454\" class=\"elementor-tab-title elementor-tab-desktop-title\" aria-selected=\"false\" data-tab=\"4\" role=\"tab\" tabindex=\"-1\" aria-controls=\"elementor-tab-content-1454\" aria-expanded=\"false\">informe de gesti\u00f3n 2022<\/div>\n\t\t\t\t\t\t\t\t\t<div id=\"elementor-tab-title-1455\" class=\"elementor-tab-title elementor-tab-desktop-title\" aria-selected=\"false\" data-tab=\"5\" role=\"tab\" tabindex=\"-1\" aria-controls=\"elementor-tab-content-1455\" aria-expanded=\"false\">informe de gesti\u00f3n 2021<\/div>\n\t\t\t\t\t\t\t\t\t<div id=\"elementor-tab-title-1456\" class=\"elementor-tab-title elementor-tab-desktop-title\" aria-selected=\"false\" data-tab=\"6\" role=\"tab\" tabindex=\"-1\" aria-controls=\"elementor-tab-content-1456\" aria-expanded=\"false\">informe de gesti\u00f3n 2020<\/div>\n\t\t\t\t\t\t\t\t\t<div id=\"elementor-tab-title-1457\" class=\"elementor-tab-title elementor-tab-desktop-title\" aria-selected=\"false\" data-tab=\"7\" role=\"tab\" tabindex=\"-1\" aria-controls=\"elementor-tab-content-1457\" aria-expanded=\"false\">informe de gesti\u00f3n 2019<\/div>\n\t\t\t\t\t\t\t\t\t<div id=\"elementor-tab-title-1458\" class=\"elementor-tab-title elementor-tab-desktop-title\" aria-selected=\"false\" data-tab=\"8\" role=\"tab\" tabindex=\"-1\" aria-controls=\"elementor-tab-content-1458\" aria-expanded=\"false\">Informe de gesti\u00f3n 2018<\/div>\n\t\t\t\t\t\t\t\t\t<div id=\"elementor-tab-title-1459\" class=\"elementor-tab-title elementor-tab-desktop-title\" aria-selected=\"false\" data-tab=\"9\" role=\"tab\" tabindex=\"-1\" aria-controls=\"elementor-tab-content-1459\" aria-expanded=\"false\">Informe de gesti\u00f3n 2017<\/div>\n\t\t\t\t\t\t\t<\/div>\n\t\t\t<div class=\"elementor-tabs-content-wrapper\" role=\"tablist\" aria-orientation=\"vertical\">\n\t\t\t\t\t\t\t\t\t<div class=\"elementor-tab-title elementor-tab-mobile-title\" aria-selected=\"true\" data-tab=\"1\" role=\"tab\" tabindex=\"0\" aria-controls=\"elementor-tab-content-1451\" aria-expanded=\"false\">informe de gesti\u00f3n 2025<\/div>\n\t\t\t\t\t<div id=\"elementor-tab-content-1451\" class=\"elementor-tab-content elementor-clearfix\" data-tab=\"1\" role=\"tabpanel\" aria-labelledby=\"elementor-tab-title-1451\" tabindex=\"0\" hidden=\"false\"><iframe src=\"https:\/\/cuidadoseguro.com.co\/csc3\/wp-content\/uploads\/2026\/04\/INFORME-DE-GESTION-VIGENCIA-2025.pdf\" width=\"100%\" height=\"715px\"><span data-mce-type=\"bookmark\" style=\"display: inline-block; width: 0px; overflow: hidden; line-height: 0;\" class=\"mce_SELRES_start\">\ufeff<\/span><span data-mce-type=\"bookmark\" style=\"display: inline-block; width: 0px; overflow: hidden; line-height: 0;\" class=\"mce_SELRES_start\">\ufeff<\/span><span data-mce-type=\"bookmark\" style=\"display: inline-block; width: 0px; overflow: hidden; line-height: 0;\" class=\"mce_SELRES_start\">\ufeff<\/span><span data-mce-type=\"bookmark\" style=\"display: inline-block; width: 0px; overflow: hidden; line-height: 0;\" class=\"mce_SELRES_start\">\ufeff<\/span>\n<\/iframe><\/div>\n\t\t\t\t\t\t\t\t\t<div class=\"elementor-tab-title elementor-tab-mobile-title\" aria-selected=\"false\" data-tab=\"2\" role=\"tab\" tabindex=\"-1\" aria-controls=\"elementor-tab-content-1452\" aria-expanded=\"false\">informe de gesti\u00f3n 2024<\/div>\n\t\t\t\t\t<div id=\"elementor-tab-content-1452\" class=\"elementor-tab-content elementor-clearfix\" data-tab=\"2\" role=\"tabpanel\" aria-labelledby=\"elementor-tab-title-1452\" tabindex=\"0\" hidden=\"hidden\"><iframe src=\"https:\/\/cuidadoseguro.com.co\/csc3\/wp-content\/uploads\/2025\/04\/INFORME-DE-GESTION-VIGENCIA-2024-1.pdf\" width=\"100%\" height=\"715px\"><span data-mce-type=\"bookmark\" style=\"display: inline-block; width: 0px; overflow: hidden; line-height: 0;\" class=\"mce_SELRES_start\">\ufeff<\/span><span data-mce-type=\"bookmark\" style=\"display: inline-block; width: 0px; overflow: hidden; line-height: 0;\" class=\"mce_SELRES_start\">\ufeff<\/span><span data-mce-type=\"bookmark\" style=\"display: inline-block; width: 0px; overflow: hidden; line-height: 0;\" class=\"mce_SELRES_start\">\ufeff<\/span>\n<\/iframe><\/div>\n\t\t\t\t\t\t\t\t\t<div class=\"elementor-tab-title elementor-tab-mobile-title\" aria-selected=\"false\" data-tab=\"3\" role=\"tab\" tabindex=\"-1\" aria-controls=\"elementor-tab-content-1453\" aria-expanded=\"false\">informe de gesti\u00f3n 2023<\/div>\n\t\t\t\t\t<div id=\"elementor-tab-content-1453\" class=\"elementor-tab-content elementor-clearfix\" data-tab=\"3\" role=\"tabpanel\" aria-labelledby=\"elementor-tab-title-1453\" tabindex=\"0\" hidden=\"hidden\"><iframe src=\"https:\/\/cuidadoseguro.com.co\/csc3\/wp-content\/uploads\/2024\/10\/INFORME-DE-GESTION-2023-web.pdf\" width=\"100%\" height=\"715px\">\n<\/iframe><\/div>\n\t\t\t\t\t\t\t\t\t<div class=\"elementor-tab-title elementor-tab-mobile-title\" aria-selected=\"false\" data-tab=\"4\" role=\"tab\" tabindex=\"-1\" aria-controls=\"elementor-tab-content-1454\" aria-expanded=\"false\">informe de gesti\u00f3n 2022<\/div>\n\t\t\t\t\t<div id=\"elementor-tab-content-1454\" class=\"elementor-tab-content elementor-clearfix\" data-tab=\"4\" role=\"tabpanel\" aria-labelledby=\"elementor-tab-title-1454\" tabindex=\"0\" hidden=\"hidden\"><iframe src=\"https:\/\/cuidadoseguro.com.co\/csc3\/wp-content\/uploads\/2023\/04\/INFORME-DE-GESTION-VIGENCIA-2022.pdf\" width=\"100%\" height=\"715px\">\n<\/iframe><\/div>\n\t\t\t\t\t\t\t\t\t<div class=\"elementor-tab-title elementor-tab-mobile-title\" aria-selected=\"false\" data-tab=\"5\" role=\"tab\" tabindex=\"-1\" aria-controls=\"elementor-tab-content-1455\" aria-expanded=\"false\">informe de gesti\u00f3n 2021<\/div>\n\t\t\t\t\t<div id=\"elementor-tab-content-1455\" class=\"elementor-tab-content elementor-clearfix\" data-tab=\"5\" role=\"tabpanel\" aria-labelledby=\"elementor-tab-title-1455\" tabindex=\"0\" hidden=\"hidden\"><iframe src=\"https:\/\/cuidadoseguro.com.co\/csc3\/wp-content\/uploads\/2023\/04\/INFORME-DE-GESTION-VIGENCIA-2021-1.pdf\" width=\"100%\" height=\"715px\">\n<\/iframe><\/div>\n\t\t\t\t\t\t\t\t\t<div class=\"elementor-tab-title elementor-tab-mobile-title\" aria-selected=\"false\" data-tab=\"6\" role=\"tab\" tabindex=\"-1\" aria-controls=\"elementor-tab-content-1456\" aria-expanded=\"false\">informe de gesti\u00f3n 2020<\/div>\n\t\t\t\t\t<div id=\"elementor-tab-content-1456\" class=\"elementor-tab-content elementor-clearfix\" data-tab=\"6\" role=\"tabpanel\" aria-labelledby=\"elementor-tab-title-1456\" tabindex=\"0\" hidden=\"hidden\"><iframe src=\"https:\/\/cuidadoseguro.com.co\/csc3\/wp-content\/uploads\/2023\/02\/INFORME-DE-GESTION-2020.pdf\" width=\"100%\" height=\"750px\">\n<\/iframe><\/div>\n\t\t\t\t\t\t\t\t\t<div class=\"elementor-tab-title elementor-tab-mobile-title\" aria-selected=\"false\" data-tab=\"7\" role=\"tab\" tabindex=\"-1\" aria-controls=\"elementor-tab-content-1457\" aria-expanded=\"false\">informe de gesti\u00f3n 2019<\/div>\n\t\t\t\t\t<div id=\"elementor-tab-content-1457\" class=\"elementor-tab-content elementor-clearfix\" data-tab=\"7\" role=\"tabpanel\" aria-labelledby=\"elementor-tab-title-1457\" tabindex=\"0\" hidden=\"hidden\"><iframe src=\"https:\/\/cuidadoseguro.com.co\/csc3\/wp-content\/uploads\/2023\/02\/INFORME-DE-GESTION-2019.pdf\" width=\"100%\" height=\"750px\">\n<\/iframe><\/div>\n\t\t\t\t\t\t\t\t\t<div class=\"elementor-tab-title elementor-tab-mobile-title\" aria-selected=\"false\" data-tab=\"8\" role=\"tab\" tabindex=\"-1\" aria-controls=\"elementor-tab-content-1458\" aria-expanded=\"false\">Informe de gesti\u00f3n 2018<\/div>\n\t\t\t\t\t<div id=\"elementor-tab-content-1458\" class=\"elementor-tab-content elementor-clearfix\" data-tab=\"8\" role=\"tabpanel\" aria-labelledby=\"elementor-tab-title-1458\" tabindex=\"0\" hidden=\"hidden\"><iframe src=\"https:\/\/cuidadoseguro.com.co\/csc3\/wp-content\/uploads\/2023\/02\/INFORME-DE-GESTION-2018.pdf\" width=\"100%\" height=\"750px\">\n<\/iframe><\/div>\n\t\t\t\t\t\t\t\t\t<div class=\"elementor-tab-title elementor-tab-mobile-title\" aria-selected=\"false\" data-tab=\"9\" role=\"tab\" tabindex=\"-1\" aria-controls=\"elementor-tab-content-1459\" aria-expanded=\"false\">Informe de gesti\u00f3n 2017<\/div>\n\t\t\t\t\t<div id=\"elementor-tab-content-1459\" class=\"elementor-tab-content elementor-clearfix\" data-tab=\"9\" role=\"tabpanel\" aria-labelledby=\"elementor-tab-title-1459\" tabindex=\"0\" hidden=\"hidden\"><iframe src=\"https:\/\/cuidadoseguro.com.co\/csc3\/wp-content\/uploads\/2023\/02\/INFORME-DE-GESTION-2017.pdf\" width=\"100%\" height=\"750px\">\n<\/iframe><\/div>\n\t\t\t\t\t\t\t<\/div>\n\t\t<\/div>\n\t\t\t\t\t\t<\/div>\n\t\t\t\t<\/div>\n\t\t\t\t\t<\/div>\n\t\t<\/div>\n\t\t\t\t\t<\/div>\n\t\t<\/section>\n\t\t\t\t<\/div>\n\t\t","protected":false},"excerpt":{"rendered":"<p>Informes de Gesti\u00f3n informe de gesti\u00f3n 2025 informe de gesti\u00f3n 2024 informe de gesti\u00f3n 2023 informe de gesti\u00f3n 2022 informe de gesti\u00f3n 2021 informe de gesti\u00f3n 2020 informe de gesti\u00f3n 2019 Informe de gesti\u00f3n 2018 Informe de gesti\u00f3n 2017 informe de gesti\u00f3n 2025 \ufeff\ufeff\ufeff\ufeff informe de gesti\u00f3n 2024 \ufeff\ufeff\ufeff informe de gesti\u00f3n 2023 informe de gesti\u00f3n 2022 informe de gesti\u00f3n 2021 informe de gesti\u00f3n 2020 informe de gesti\u00f3n 2019 Informe de gesti\u00f3n 2018 Informe de gesti\u00f3n 2017<\/p>\n","protected":false},"author":1,"featured_media":0,"parent":0,"menu_order":0,"comment_status":"closed","ping_status":"closed","template":"","meta":{"footnotes":""},"class_list":["post-1323","page","type-page","status-publish","hentry"],"_links":{"self":[{"href":"https:\/\/cuidadoseguro.com.co\/csc3\/wp-json\/wp\/v2\/pages\/1323","targetHints":{"allow":["GET"]}}],"collection":[{"href":"https:\/\/cuidadoseguro.com.co\/csc3\/wp-json\/wp\/v2\/pages"}],"about":[{"href":"https:\/\/cuidadoseguro.com.co\/csc3\/wp-json\/wp\/v2\/types\/page"}],"author":[{"embeddable":true,"href":"https:\/\/cuidadoseguro.com.co\/csc3\/wp-json\/wp\/v2\/users\/1"}],"replies":[{"embeddable":true,"href":"https:\/\/cuidadoseguro.com.co\/csc3\/wp-json\/wp\/v2\/comments?post=1323"}],"version-history":[{"count":48,"href":"https:\/\/cuidadoseguro.com.co\/csc3\/wp-json\/wp\/v2\/pages\/1323\/revisions"}],"predecessor-version":[{"id":7822,"href":"https:\/\/cuidadoseguro.com.co\/csc3\/wp-json\/wp\/v2\/pages\/1323\/revisions\/7822"}],"wp:attachment":[{"href":"https:\/\/cuidadoseguro.com.co\/csc3\/wp-json\/wp\/v2\/media?parent=1323"}],"curies":[{"name":"wp","href":"https:\/\/api.w.org\/{rel}","templated":true}]}}