{"id":1261,"date":"2022-09-21T10:25:15","date_gmt":"2022-09-21T15:25:15","guid":{"rendered":"https:\/\/cuidadoseguro.com.co\/csc3\/?page_id=1261"},"modified":"2025-10-17T16:25:30","modified_gmt":"2025-10-17T21:25:30","slug":"sistema-de-control","status":"publish","type":"page","link":"https:\/\/cuidadoseguro.com.co\/csc3\/sistema-de-control\/","title":{"rendered":"Sistema de Control"},"content":{"rendered":"<style>.elementor-1261 .elementor-element.elementor-element-278a30bb > .elementor-container{max-width:1170px;}.elementor-1261 .elementor-element.elementor-element-278a30bb > .elementor-container > .elementor-column > .elementor-widget-wrap{align-content:center;align-items:center;}.elementor-1261 .elementor-element.elementor-element-278a30bb:not(.elementor-motion-effects-element-type-background), .elementor-1261 .elementor-element.elementor-element-278a30bb > .elementor-motion-effects-container > .elementor-motion-effects-layer{background-image:url(\"https:\/\/cuidadoseguro.com.co\/csc3\/wp-content\/uploads\/2022\/09\/SISTEMA-DE-CONTROL-1.jpg\");background-position:center center;background-repeat:no-repeat;background-size:cover;}.elementor-1261 .elementor-element.elementor-element-278a30bb > .elementor-background-overlay{background-color:var( --e-global-color-18eacbc );opacity:0.8;transition:background 0.3s, border-radius 0.3s, opacity 0.3s;}.elementor-1261 .elementor-element.elementor-element-278a30bb{transition:background 0.3s, border 0.3s, border-radius 0.3s, box-shadow 0.3s;padding:140px 0px 140px 0px;}.elementor-1261 .elementor-element.elementor-element-27aa9d93{text-align:start;}.elementor-1261 .elementor-element.elementor-element-27aa9d93 .elementor-heading-title{font-family:var( --e-global-typography-secondary-font-family ), Sans-serif;font-size:var( --e-global-typography-secondary-font-size );font-weight:var( --e-global-typography-secondary-font-weight );line-height:var( --e-global-typography-secondary-line-height );color:var( --e-global-color-1517109 );}.elementor-1261 .elementor-element.elementor-element-5c09d59f > .elementor-container{max-width:1170px;}.elementor-1261 .elementor-element.elementor-element-5c09d59f:not(.elementor-motion-effects-element-type-background), .elementor-1261 .elementor-element.elementor-element-5c09d59f > .elementor-motion-effects-container > .elementor-motion-effects-layer{background-color:var( --e-global-color-bb5b08c );}.elementor-1261 .elementor-element.elementor-element-5c09d59f{transition:background 0.3s, border 0.3s, border-radius 0.3s, box-shadow 0.3s;padding:100px 0px 100px 0px;}.elementor-1261 .elementor-element.elementor-element-5c09d59f > .elementor-background-overlay{transition:background 0.3s, border-radius 0.3s, opacity 0.3s;}.elementor-1261 .elementor-element.elementor-element-235165f9.elementor-column > .elementor-widget-wrap{justify-content:center;}.elementor-1261 .elementor-element.elementor-element-549d2d50{text-align:center;}.elementor-1261 .elementor-element.elementor-element-549d2d50 .elementor-heading-title{font-family:var( --e-global-typography-9ccb7f4-font-family ), Sans-serif;font-size:var( --e-global-typography-9ccb7f4-font-size );font-weight:var( --e-global-typography-9ccb7f4-font-weight );line-height:var( --e-global-typography-9ccb7f4-line-height );letter-spacing:var( --e-global-typography-9ccb7f4-letter-spacing );word-spacing:var( --e-global-typography-9ccb7f4-word-spacing );color:var( --e-global-color-accent );}.elementor-1261 .elementor-element.elementor-element-7ee6637{text-align:center;}.elementor-1261 .elementor-element.elementor-element-7ee6637 .elementor-heading-title{font-family:var( --e-global-typography-secondary-font-family ), Sans-serif;font-size:var( --e-global-typography-secondary-font-size );font-weight:var( --e-global-typography-secondary-font-weight );line-height:var( --e-global-typography-secondary-line-height );color:var( --e-global-color-primary );}.elementor-1261 .elementor-element.elementor-element-c2a8bfc{font-family:\"Heebo\", Sans-serif;font-size:15px;}.elementor-1261 .elementor-element.elementor-element-4577075{text-align:center;}.elementor-1261 .elementor-element.elementor-element-4577075 .elementor-heading-title{font-family:var( --e-global-typography-secondary-font-family ), Sans-serif;font-size:var( --e-global-typography-secondary-font-size );font-weight:var( --e-global-typography-secondary-font-weight );line-height:var( --e-global-typography-secondary-line-height );color:var( --e-global-color-primary );}.elementor-1261 .elementor-element.elementor-element-447ec17{font-family:\"Heebo\", Sans-serif;font-size:15px;}@media(max-width:1024px){.elementor-1261 .elementor-element.elementor-element-278a30bb{padding:80px 10px 80px 10px;}.elementor-1261 .elementor-element.elementor-element-27aa9d93 .elementor-heading-title{font-size:var( --e-global-typography-secondary-font-size );line-height:var( --e-global-typography-secondary-line-height );}.elementor-1261 .elementor-element.elementor-element-5c09d59f{padding:60px 10px 40px 10px;}.elementor-1261 .elementor-element.elementor-element-549d2d50 .elementor-heading-title{font-size:var( --e-global-typography-9ccb7f4-font-size );line-height:var( --e-global-typography-9ccb7f4-line-height );letter-spacing:var( --e-global-typography-9ccb7f4-letter-spacing );word-spacing:var( --e-global-typography-9ccb7f4-word-spacing );}.elementor-1261 .elementor-element.elementor-element-7ee6637 .elementor-heading-title{font-size:var( --e-global-typography-secondary-font-size );line-height:var( --e-global-typography-secondary-line-height );}.elementor-1261 .elementor-element.elementor-element-4577075 .elementor-heading-title{font-size:var( --e-global-typography-secondary-font-size );line-height:var( --e-global-typography-secondary-line-height );}}@media(max-width:767px){.elementor-1261 .elementor-element.elementor-element-278a30bb{padding:60px 10px 60px 10px;}.elementor-1261 .elementor-element.elementor-element-27aa9d93{text-align:center;}.elementor-1261 .elementor-element.elementor-element-27aa9d93 .elementor-heading-title{font-size:var( --e-global-typography-secondary-font-size );line-height:var( --e-global-typography-secondary-line-height );}.elementor-1261 .elementor-element.elementor-element-5c09d59f{padding:40px 5px 20px 5px;}.elementor-1261 .elementor-element.elementor-element-549d2d50 .elementor-heading-title{font-size:var( --e-global-typography-9ccb7f4-font-size );line-height:var( --e-global-typography-9ccb7f4-line-height );letter-spacing:var( --e-global-typography-9ccb7f4-letter-spacing );word-spacing:var( --e-global-typography-9ccb7f4-word-spacing );}.elementor-1261 .elementor-element.elementor-element-7ee6637 .elementor-heading-title{font-size:var( --e-global-typography-secondary-font-size );line-height:var( --e-global-typography-secondary-line-height );}.elementor-1261 .elementor-element.elementor-element-4577075 .elementor-heading-title{font-size:var( --e-global-typography-secondary-font-size );line-height:var( --e-global-typography-secondary-line-height );}}<\/style>\t\t<div data-elementor-type=\"wp-page\" data-elementor-id=\"1261\" class=\"elementor elementor-1261\" data-elementor-settings=\"{&quot;ha_cmc_init_switcher&quot;:&quot;no&quot;}\" data-elementor-post-type=\"page\">\n\t\t\t\t\t\t<section class=\"elementor-section elementor-top-section elementor-element elementor-element-278a30bb elementor-section-content-middle elementor-section-boxed elementor-section-height-default elementor-section-height-default wpr-particle-no wpr-jarallax-no wpr-parallax-no wpr-sticky-section-no wpr-equal-height-no\" data-id=\"278a30bb\" data-element_type=\"section\" data-e-type=\"section\" data-settings=\"{&quot;background_background&quot;:&quot;classic&quot;,&quot;_ha_eqh_enable&quot;:false}\">\n\t\t\t\t\t\t\t<div class=\"elementor-background-overlay\"><\/div>\n\t\t\t\t\t\t\t<div class=\"elementor-container elementor-column-gap-default\">\n\t\t\t\t\t<div class=\"elementor-column elementor-col-50 elementor-top-column elementor-element elementor-element-51c66fc8\" data-id=\"51c66fc8\" data-element_type=\"column\" data-e-type=\"column\">\n\t\t\t<div class=\"elementor-widget-wrap elementor-element-populated\">\n\t\t\t\t\t\t<div class=\"elementor-element elementor-element-27aa9d93 elementor-widget elementor-widget-heading\" data-id=\"27aa9d93\" data-element_type=\"widget\" data-e-type=\"widget\" data-widget_type=\"heading.default\">\n\t\t\t\t<div class=\"elementor-widget-container\">\n\t\t\t\t\t<h2 class=\"elementor-heading-title elementor-size-default\">Sistema de Control<\/h2>\t\t\t\t<\/div>\n\t\t\t\t<\/div>\n\t\t\t\t\t<\/div>\n\t\t<\/div>\n\t\t\t\t<div class=\"elementor-column elementor-col-50 elementor-top-column elementor-element elementor-element-79175d7a\" data-id=\"79175d7a\" data-element_type=\"column\" data-e-type=\"column\">\n\t\t\t<div class=\"elementor-widget-wrap\">\n\t\t\t\t\t\t\t<\/div>\n\t\t<\/div>\n\t\t\t\t\t<\/div>\n\t\t<\/section>\n\t\t\t\t<section class=\"elementor-section elementor-top-section elementor-element elementor-element-5c09d59f elementor-section-boxed elementor-section-height-default elementor-section-height-default wpr-particle-no wpr-jarallax-no wpr-parallax-no wpr-sticky-section-no wpr-equal-height-no\" data-id=\"5c09d59f\" data-element_type=\"section\" data-e-type=\"section\" data-settings=\"{&quot;background_background&quot;:&quot;classic&quot;,&quot;_ha_eqh_enable&quot;:false}\">\n\t\t\t\t\t\t<div class=\"elementor-container elementor-column-gap-default\">\n\t\t\t\t\t<div class=\"elementor-column elementor-col-100 elementor-top-column elementor-element elementor-element-235165f9\" data-id=\"235165f9\" data-element_type=\"column\" data-e-type=\"column\">\n\t\t\t<div class=\"elementor-widget-wrap elementor-element-populated\">\n\t\t\t\t\t\t<div class=\"elementor-element elementor-element-549d2d50 animated-slow elementor-invisible elementor-widget elementor-widget-heading\" data-id=\"549d2d50\" data-element_type=\"widget\" data-e-type=\"widget\" data-settings=\"{&quot;_animation&quot;:&quot;fadeInUp&quot;}\" data-widget_type=\"heading.default\">\n\t\t\t\t<div class=\"elementor-widget-container\">\n\t\t\t\t\t<h5 class=\"elementor-heading-title elementor-size-default\">\n<\/h5>\t\t\t\t<\/div>\n\t\t\t\t<\/div>\n\t\t\t\t<div class=\"elementor-element elementor-element-7ee6637 elementor-widget elementor-widget-heading\" data-id=\"7ee6637\" data-element_type=\"widget\" data-e-type=\"widget\" data-widget_type=\"heading.default\">\n\t\t\t\t<div class=\"elementor-widget-container\">\n\t\t\t\t\t<h2 class=\"elementor-heading-title elementor-size-default\">Control Interno<\/h2>\t\t\t\t<\/div>\n\t\t\t\t<\/div>\n\t\t\t\t<div class=\"elementor-element elementor-element-c2a8bfc elementor-widget elementor-widget-text-editor\" data-id=\"c2a8bfc\" data-element_type=\"widget\" data-e-type=\"widget\" data-widget_type=\"text-editor.default\">\n\t\t\t\t<div class=\"elementor-widget-container\">\n\t\t\t\t\t\t\t\t\t<p style=\"text-align: left;\">SICOE \u2013 SISTEMA DE CONTROL Y EVALUACI\u00d3N DE LA GESTI\u00d3N<\/p><p>SICOE, en IPS Cuidado Seguro en Casa S.A., es un sistema integrado por el Plan de Desarrollo Institucional &#8211; PDI y el conjunto de Planes, M\u00e9todos, Principios, Normas, Procedimientos y mecanismos de verificaci\u00f3n y evaluaci\u00f3n, implementados en la Instituci\u00f3n, cuyo prop\u00f3sito es proporcionar una seguridad razonable acerca del logro de los objetivos en las siguientes categor\u00edas:<\/p><p>\u2713 Efectividad y eficiencia en las operaciones.\u00a0<\/p><p>\u2713 Confiabilidad en los reportes financieros.\u00a0<\/p><p>\u2713 Cumplimiento de leyes y regulaciones.<\/p>\t\t\t\t\t\t\t\t<\/div>\n\t\t\t\t<\/div>\n\t\t\t\t<div class=\"elementor-element elementor-element-4577075 elementor-widget elementor-widget-heading\" data-id=\"4577075\" data-element_type=\"widget\" data-e-type=\"widget\" data-widget_type=\"heading.default\">\n\t\t\t\t<div class=\"elementor-widget-container\">\n\t\t\t\t\t<h2 class=\"elementor-heading-title elementor-size-default\">Principios Del Sicoe<\/h2>\t\t\t\t<\/div>\n\t\t\t\t<\/div>\n\t\t\t\t<div class=\"elementor-element elementor-element-447ec17 elementor-widget elementor-widget-text-editor\" data-id=\"447ec17\" data-element_type=\"widget\" data-e-type=\"widget\" data-widget_type=\"text-editor.default\">\n\t\t\t\t<div class=\"elementor-widget-container\">\n\t\t\t\t\t\t\t\t\t<p>\u2713 Autorregulaci\u00f3n: Se refiere a la capacidad de la organizaci\u00f3n para desarrollar y aplicar en su interior, m\u00e9todos, normas y procedimientos que permitan el desarrollo, implementaci\u00f3n y mejoramiento continuo del Sistema de Evaluaci\u00f3n y Control de Gesti\u00f3n de la IPS, en concordancia con la normatividad vigente aplicable.<\/p><p>\u2713 Autogesti\u00f3n: Apunta a la capacidad de la IPS para interpretar, coordinar, ejecutar y evaluar de manera efectiva, eficiente y eficaz su funcionamiento.<\/p><p>\u2713 Autocontrol: Es la capacidad que deben desarrollar todos y cada uno de los colaboradores de IPS CUIDADO SEGURO EN CASA S.A, independientemente de su nivel jer\u00e1rquico, para evaluar y controlar su trabajo, identificar desviaciones y aplicar correctivos de manera oportuna, para el adecuado cumplimiento de los resultados que se esperan en el ejercicio y cumplimiento de sus funciones, de tal manera que la ejecuci\u00f3n de los procesos, actividades y\/o tareas bajo su responsabilidad, se desarrollen con fundamento en los Lineamientos que se establecen desde la Junta Directiva.<\/p>\t\t\t\t\t\t\t\t<\/div>\n\t\t\t\t<\/div>\n\t\t\t\t\t<\/div>\n\t\t<\/div>\n\t\t\t\t\t<\/div>\n\t\t<\/section>\n\t\t\t\t<\/div>\n\t\t","protected":false},"excerpt":{"rendered":"<p>Sistema de Control Control Interno SICOE \u2013 SISTEMA DE CONTROL Y EVALUACI\u00d3N DE LA GESTI\u00d3N SICOE, en IPS Cuidado Seguro en Casa S.A., es un sistema integrado por el Plan de Desarrollo Institucional &#8211; PDI y el conjunto de Planes, M\u00e9todos, Principios, Normas, Procedimientos y mecanismos de verificaci\u00f3n y evaluaci\u00f3n, implementados en la Instituci\u00f3n, cuyo prop\u00f3sito es proporcionar una seguridad razonable acerca del logro de los objetivos en las siguientes categor\u00edas: \u2713 Efectividad y eficiencia en las operaciones.\u00a0 \u2713 Confiabilidad en los reportes financieros.\u00a0 \u2713 Cumplimiento de leyes y regulaciones. Principios Del Sicoe \u2713 Autorregulaci\u00f3n: Se refiere a la capacidad de la organizaci\u00f3n para desarrollar y aplicar en su interior, m\u00e9todos, normas y procedimientos que permitan el desarrollo, implementaci\u00f3n y mejoramiento continuo del Sistema de Evaluaci\u00f3n y Control de Gesti\u00f3n de la IPS, en concordancia con la normatividad vigente aplicable. \u2713 Autogesti\u00f3n: Apunta a la capacidad de la IPS para interpretar, coordinar, ejecutar y evaluar de manera efectiva, eficiente y eficaz su funcionamiento. \u2713 Autocontrol: Es la capacidad que deben desarrollar todos y cada uno de los colaboradores de IPS CUIDADO SEGURO EN CASA S.A, independientemente de su nivel jer\u00e1rquico, para evaluar y controlar su trabajo, identificar desviaciones y aplicar correctivos de manera oportuna, para el adecuado cumplimiento de los resultados que se esperan en el ejercicio y cumplimiento de sus funciones, de tal manera que la ejecuci\u00f3n de los procesos, actividades y\/o tareas bajo su responsabilidad, se desarrollen con fundamento en los Lineamientos que se establecen desde la Junta Directiva.<\/p>\n","protected":false},"author":1,"featured_media":0,"parent":0,"menu_order":0,"comment_status":"closed","ping_status":"closed","template":"","meta":{"footnotes":""},"class_list":["post-1261","page","type-page","status-publish","hentry"],"_links":{"self":[{"href":"https:\/\/cuidadoseguro.com.co\/csc3\/wp-json\/wp\/v2\/pages\/1261","targetHints":{"allow":["GET"]}}],"collection":[{"href":"https:\/\/cuidadoseguro.com.co\/csc3\/wp-json\/wp\/v2\/pages"}],"about":[{"href":"https:\/\/cuidadoseguro.com.co\/csc3\/wp-json\/wp\/v2\/types\/page"}],"author":[{"embeddable":true,"href":"https:\/\/cuidadoseguro.com.co\/csc3\/wp-json\/wp\/v2\/users\/1"}],"replies":[{"embeddable":true,"href":"https:\/\/cuidadoseguro.com.co\/csc3\/wp-json\/wp\/v2\/comments?post=1261"}],"version-history":[{"count":15,"href":"https:\/\/cuidadoseguro.com.co\/csc3\/wp-json\/wp\/v2\/pages\/1261\/revisions"}],"predecessor-version":[{"id":7018,"href":"https:\/\/cuidadoseguro.com.co\/csc3\/wp-json\/wp\/v2\/pages\/1261\/revisions\/7018"}],"wp:attachment":[{"href":"https:\/\/cuidadoseguro.com.co\/csc3\/wp-json\/wp\/v2\/media?parent=1261"}],"curies":[{"name":"wp","href":"https:\/\/api.w.org\/{rel}","templated":true}]}}