{"id":1132,"date":"2022-09-19T21:12:44","date_gmt":"2022-09-20T02:12:44","guid":{"rendered":"https:\/\/cuidadoseguro.com.co\/csc3\/?page_id=1132"},"modified":"2025-10-17T16:31:45","modified_gmt":"2025-10-17T21:31:45","slug":"revisoria-fiscal","status":"publish","type":"page","link":"https:\/\/cuidadoseguro.com.co\/csc3\/revisoria-fiscal\/","title":{"rendered":"Revisoria Fiscal"},"content":{"rendered":"<style>.elementor-1132 .elementor-element.elementor-element-5fc1678f > .elementor-container{max-width:1170px;}.elementor-1132 .elementor-element.elementor-element-5fc1678f > .elementor-container > .elementor-column > .elementor-widget-wrap{align-content:center;align-items:center;}.elementor-1132 .elementor-element.elementor-element-5fc1678f:not(.elementor-motion-effects-element-type-background), .elementor-1132 .elementor-element.elementor-element-5fc1678f > .elementor-motion-effects-container > .elementor-motion-effects-layer{background-image:url(\"https:\/\/cuidadoseguro.com.co\/csc3\/wp-content\/uploads\/2022\/09\/watch-and-glasses-on-documents-2021-09-03-10-39-08-utc-1-scaled.jpg\");background-position:center center;background-repeat:no-repeat;background-size:cover;}.elementor-1132 .elementor-element.elementor-element-5fc1678f > .elementor-background-overlay{background-color:var( --e-global-color-18eacbc );opacity:0.69;transition:background 0.3s, border-radius 0.3s, opacity 0.3s;}.elementor-1132 .elementor-element.elementor-element-5fc1678f{transition:background 0.3s, border 0.3s, border-radius 0.3s, box-shadow 0.3s;padding:140px 0px 140px 0px;}.elementor-1132 .elementor-element.elementor-element-67b9c9c1{text-align:start;}.elementor-1132 .elementor-element.elementor-element-67b9c9c1 .elementor-heading-title{font-family:var( --e-global-typography-secondary-font-family ), Sans-serif;font-size:var( --e-global-typography-secondary-font-size );font-weight:var( --e-global-typography-secondary-font-weight );line-height:var( --e-global-typography-secondary-line-height );color:var( --e-global-color-1517109 );}.elementor-1132 .elementor-element.elementor-element-20953752 > .elementor-container{max-width:1400px;min-height:400px;}.elementor-1132 .elementor-element.elementor-element-20953752 > .elementor-container > .elementor-column > .elementor-widget-wrap{align-content:center;align-items:center;}.elementor-1132 .elementor-element.elementor-element-20953752 > .elementor-background-overlay{background-color:#282828;opacity:0;transition:background 0.3s, border-radius 0.3s, opacity 0.3s;}.elementor-1132 .elementor-element.elementor-element-20953752{transition:background 0.3s, border 0.3s, border-radius 0.3s, box-shadow 0.3s;padding:4em 0em 4em 0em;}.elementor-1132 .elementor-element.elementor-element-4c2a89bd{text-align:center;}.elementor-1132 .elementor-element.elementor-element-4c2a89bd .elementor-heading-title{font-family:\"Nunito Sans\", Sans-serif;font-size:3.4em;font-weight:800;line-height:1.2em;color:#0F70B7;}.elementor-1132 .elementor-element.elementor-element-4c2a89bd > .elementor-widget-container{margin:0px 0px 40px 0px;}.elementor-1132 .elementor-element.elementor-element-7d83eee{text-align:justify;color:#636A86;}@media(max-width:1024px) and (min-width:768px){.elementor-1132 .elementor-element.elementor-element-54fc318b{width:60%;}.elementor-1132 .elementor-element.elementor-element-3806a190{width:100%;}}@media(max-width:1024px){.elementor-1132 .elementor-element.elementor-element-5fc1678f{padding:80px 10px 80px 10px;}.elementor-1132 .elementor-element.elementor-element-67b9c9c1 .elementor-heading-title{font-size:var( --e-global-typography-secondary-font-size );line-height:var( --e-global-typography-secondary-line-height );}.elementor-1132 .elementor-element.elementor-element-4c2a89bd .elementor-heading-title{font-size:2em;}}@media(max-width:767px){.elementor-1132 .elementor-element.elementor-element-5fc1678f{padding:60px 10px 60px 10px;}.elementor-1132 .elementor-element.elementor-element-67b9c9c1{text-align:center;}.elementor-1132 .elementor-element.elementor-element-67b9c9c1 .elementor-heading-title{font-size:var( --e-global-typography-secondary-font-size );line-height:var( --e-global-typography-secondary-line-height );}.elementor-1132 .elementor-element.elementor-element-20953752{padding:15px 15px 15px 15px;}.elementor-1132 .elementor-element.elementor-element-4c2a89bd{text-align:center;}.elementor-1132 .elementor-element.elementor-element-4c2a89bd .elementor-heading-title{font-size:2em;}.elementor-1132 .elementor-element.elementor-element-4c2a89bd > .elementor-widget-container{margin:0px 0px 0px 0px;}}<\/style>\t\t<div data-elementor-type=\"wp-page\" data-elementor-id=\"1132\" class=\"elementor elementor-1132\" data-elementor-settings=\"{&quot;ha_cmc_init_switcher&quot;:&quot;no&quot;}\" data-elementor-post-type=\"page\">\n\t\t\t\t\t\t<section class=\"elementor-section elementor-top-section elementor-element elementor-element-5fc1678f elementor-section-content-middle elementor-section-boxed elementor-section-height-default elementor-section-height-default wpr-particle-no wpr-jarallax-no wpr-parallax-no wpr-sticky-section-no wpr-equal-height-no\" data-id=\"5fc1678f\" data-element_type=\"section\" data-e-type=\"section\" data-settings=\"{&quot;background_background&quot;:&quot;classic&quot;,&quot;_ha_eqh_enable&quot;:false}\">\n\t\t\t\t\t\t\t<div class=\"elementor-background-overlay\"><\/div>\n\t\t\t\t\t\t\t<div class=\"elementor-container elementor-column-gap-default\">\n\t\t\t\t\t<div class=\"elementor-column elementor-col-50 elementor-top-column elementor-element elementor-element-2d1d934b\" data-id=\"2d1d934b\" data-element_type=\"column\" data-e-type=\"column\">\n\t\t\t<div class=\"elementor-widget-wrap elementor-element-populated\">\n\t\t\t\t\t\t<div class=\"elementor-element elementor-element-67b9c9c1 elementor-widget elementor-widget-heading\" data-id=\"67b9c9c1\" data-element_type=\"widget\" data-e-type=\"widget\" data-widget_type=\"heading.default\">\n\t\t\t\t<div class=\"elementor-widget-container\">\n\t\t\t\t\t<h2 class=\"elementor-heading-title elementor-size-default\">Revisor\u00eda Fiscal<\/h2>\t\t\t\t<\/div>\n\t\t\t\t<\/div>\n\t\t\t\t\t<\/div>\n\t\t<\/div>\n\t\t\t\t<div class=\"elementor-column elementor-col-50 elementor-top-column elementor-element elementor-element-4fce901e\" data-id=\"4fce901e\" data-element_type=\"column\" data-e-type=\"column\">\n\t\t\t<div class=\"elementor-widget-wrap\">\n\t\t\t\t\t\t\t<\/div>\n\t\t<\/div>\n\t\t\t\t\t<\/div>\n\t\t<\/section>\n\t\t\t\t<section class=\"elementor-section elementor-top-section elementor-element elementor-element-20953752 elementor-section-height-min-height elementor-section-content-middle elementor-section-boxed elementor-section-height-default elementor-section-items-middle wpr-particle-no wpr-jarallax-no wpr-parallax-no wpr-sticky-section-no wpr-equal-height-no\" data-id=\"20953752\" data-element_type=\"section\" data-e-type=\"section\" data-settings=\"{&quot;background_background&quot;:&quot;classic&quot;,&quot;_ha_eqh_enable&quot;:false}\">\n\t\t\t\t\t\t\t<div class=\"elementor-background-overlay\"><\/div>\n\t\t\t\t\t\t\t<div class=\"elementor-container elementor-column-gap-no\">\n\t\t\t\t\t<div class=\"elementor-column elementor-col-100 elementor-top-column elementor-element elementor-element-54fc318b\" data-id=\"54fc318b\" data-element_type=\"column\" data-e-type=\"column\">\n\t\t\t<div class=\"elementor-widget-wrap elementor-element-populated\">\n\t\t\t\t\t\t<section class=\"elementor-section elementor-inner-section elementor-element elementor-element-6ae0a2b6 elementor-section-boxed elementor-section-height-default elementor-section-height-default wpr-particle-no wpr-jarallax-no wpr-parallax-no wpr-sticky-section-no wpr-equal-height-no\" data-id=\"6ae0a2b6\" data-element_type=\"section\" data-e-type=\"section\" data-settings=\"{&quot;_ha_eqh_enable&quot;:false}\">\n\t\t\t\t\t\t<div class=\"elementor-container elementor-column-gap-default\">\n\t\t\t\t\t<div class=\"elementor-column elementor-col-100 elementor-inner-column elementor-element elementor-element-3806a190\" data-id=\"3806a190\" data-element_type=\"column\" data-e-type=\"column\">\n\t\t\t<div class=\"elementor-widget-wrap elementor-element-populated\">\n\t\t\t\t\t\t<div class=\"elementor-element elementor-element-4c2a89bd elementor-widget elementor-widget-heading\" data-id=\"4c2a89bd\" data-element_type=\"widget\" data-e-type=\"widget\" data-widget_type=\"heading.default\">\n\t\t\t\t<div class=\"elementor-widget-container\">\n\t\t\t\t\t<h2 class=\"elementor-heading-title elementor-size-default\">Revisor\u00eda Fiscal<\/h2>\t\t\t\t<\/div>\n\t\t\t\t<\/div>\n\t\t\t\t<div class=\"elementor-element elementor-element-7d83eee elementor-widget elementor-widget-text-editor\" data-id=\"7d83eee\" data-element_type=\"widget\" data-e-type=\"widget\" data-widget_type=\"text-editor.default\">\n\t\t\t\t<div class=\"elementor-widget-container\">\n\t\t\t\t\t\t\t\t\t<p>La Revisor\u00eda Fiscal de IPS Cuidado Seguro en Casa S.A. es ejercida por una persona natural con su respectivo suplente, o por una persona jur\u00eddica, debidamente reconocida ante la Junta Central de Contadores, integrada por contadores p\u00fablicos con matr\u00edcula profesional vigente.<\/p><p>La elecci\u00f3n del Revisor Fiscal corresponde a la Asamblea General de Accionistas, deber\u00e1 cumplir con el criterio de independencia y sus funciones se detallan en el art\u00edculo 54 de los estatutos sociales de la IPS.<\/p>\t\t\t\t\t\t\t\t<\/div>\n\t\t\t\t<\/div>\n\t\t\t\t\t<\/div>\n\t\t<\/div>\n\t\t\t\t\t<\/div>\n\t\t<\/section>\n\t\t\t\t\t<\/div>\n\t\t<\/div>\n\t\t\t\t\t<\/div>\n\t\t<\/section>\n\t\t\t\t<\/div>\n\t\t","protected":false},"excerpt":{"rendered":"<p>Revisor\u00eda Fiscal Revisor\u00eda Fiscal La Revisor\u00eda Fiscal de IPS Cuidado Seguro en Casa S.A. es ejercida por una persona natural con su respectivo suplente, o por una persona jur\u00eddica, debidamente reconocida ante la Junta Central de Contadores, integrada por contadores p\u00fablicos con matr\u00edcula profesional vigente. La elecci\u00f3n del Revisor Fiscal corresponde a la Asamblea General de Accionistas, deber\u00e1 cumplir con el criterio de independencia y sus funciones se detallan en el art\u00edculo 54 de los estatutos sociales de la IPS.<\/p>\n","protected":false},"author":1,"featured_media":0,"parent":0,"menu_order":0,"comment_status":"closed","ping_status":"closed","template":"","meta":{"footnotes":""},"class_list":["post-1132","page","type-page","status-publish","hentry"],"_links":{"self":[{"href":"https:\/\/cuidadoseguro.com.co\/csc3\/wp-json\/wp\/v2\/pages\/1132","targetHints":{"allow":["GET"]}}],"collection":[{"href":"https:\/\/cuidadoseguro.com.co\/csc3\/wp-json\/wp\/v2\/pages"}],"about":[{"href":"https:\/\/cuidadoseguro.com.co\/csc3\/wp-json\/wp\/v2\/types\/page"}],"author":[{"embeddable":true,"href":"https:\/\/cuidadoseguro.com.co\/csc3\/wp-json\/wp\/v2\/users\/1"}],"replies":[{"embeddable":true,"href":"https:\/\/cuidadoseguro.com.co\/csc3\/wp-json\/wp\/v2\/comments?post=1132"}],"version-history":[{"count":15,"href":"https:\/\/cuidadoseguro.com.co\/csc3\/wp-json\/wp\/v2\/pages\/1132\/revisions"}],"predecessor-version":[{"id":7021,"href":"https:\/\/cuidadoseguro.com.co\/csc3\/wp-json\/wp\/v2\/pages\/1132\/revisions\/7021"}],"wp:attachment":[{"href":"https:\/\/cuidadoseguro.com.co\/csc3\/wp-json\/wp\/v2\/media?parent=1132"}],"curies":[{"name":"wp","href":"https:\/\/api.w.org\/{rel}","templated":true}]}}