{"id":1126,"date":"2022-09-19T20:15:48","date_gmt":"2022-09-20T01:15:48","guid":{"rendered":"https:\/\/cuidadoseguro.com.co\/csc3\/?page_id=1126"},"modified":"2023-03-28T03:30:10","modified_gmt":"2023-03-28T08:30:10","slug":"comites-de-la-junta-directiva","status":"publish","type":"page","link":"https:\/\/cuidadoseguro.com.co\/csc3\/comites-de-la-junta-directiva\/","title":{"rendered":"Comit\u00e9s de la Junta Directiva"},"content":{"rendered":"<style>.elementor-1126 .elementor-element.elementor-element-278a30bb > .elementor-container{max-width:1170px;}.elementor-1126 .elementor-element.elementor-element-278a30bb > .elementor-container > .elementor-column > .elementor-widget-wrap{align-content:center;align-items:center;}.elementor-1126 .elementor-element.elementor-element-278a30bb:not(.elementor-motion-effects-element-type-background), .elementor-1126 .elementor-element.elementor-element-278a30bb > .elementor-motion-effects-container > .elementor-motion-effects-layer{background-image:url(\"https:\/\/cuidadoseguro.com.co\/csc3\/wp-content\/uploads\/2022\/09\/comites.jpg\");background-position:0px 54%;background-repeat:no-repeat;background-size:cover;}.elementor-1126 .elementor-element.elementor-element-278a30bb > .elementor-background-overlay{background-color:var( --e-global-color-18eacbc );opacity:0.8;transition:background 0.3s, border-radius 0.3s, opacity 0.3s;}.elementor-1126 .elementor-element.elementor-element-278a30bb{transition:background 0.3s, border 0.3s, border-radius 0.3s, box-shadow 0.3s;padding:140px 0px 140px 0px;}.elementor-1126 .elementor-element.elementor-element-27aa9d93{text-align:start;}.elementor-1126 .elementor-element.elementor-element-27aa9d93 .elementor-heading-title{font-family:var( --e-global-typography-secondary-font-family ), Sans-serif;font-size:var( --e-global-typography-secondary-font-size );font-weight:var( --e-global-typography-secondary-font-weight );line-height:var( --e-global-typography-secondary-line-height );color:var( --e-global-color-1517109 );}.elementor-1126 .elementor-element.elementor-element-5c09d59f > .elementor-container{max-width:1170px;}.elementor-1126 .elementor-element.elementor-element-5c09d59f:not(.elementor-motion-effects-element-type-background), .elementor-1126 .elementor-element.elementor-element-5c09d59f > .elementor-motion-effects-container > .elementor-motion-effects-layer{background-color:var( --e-global-color-bb5b08c );}.elementor-1126 .elementor-element.elementor-element-5c09d59f{transition:background 0.3s, border 0.3s, border-radius 0.3s, box-shadow 0.3s;padding:100px 0px 100px 0px;}.elementor-1126 .elementor-element.elementor-element-5c09d59f > .elementor-background-overlay{transition:background 0.3s, border-radius 0.3s, opacity 0.3s;}.elementor-1126 .elementor-element.elementor-element-235165f9.elementor-column > .elementor-widget-wrap{justify-content:center;}.elementor-1126 .elementor-element.elementor-element-549d2d50{text-align:center;}.elementor-1126 .elementor-element.elementor-element-549d2d50 .elementor-heading-title{font-family:var( --e-global-typography-9ccb7f4-font-family ), Sans-serif;font-size:var( --e-global-typography-9ccb7f4-font-size );font-weight:var( --e-global-typography-9ccb7f4-font-weight );line-height:var( --e-global-typography-9ccb7f4-line-height );letter-spacing:var( --e-global-typography-9ccb7f4-letter-spacing );word-spacing:var( --e-global-typography-9ccb7f4-word-spacing );color:var( --e-global-color-accent );}.elementor-1126 .elementor-element.elementor-element-7ee6637{text-align:center;}.elementor-1126 .elementor-element.elementor-element-7ee6637 .elementor-heading-title{font-family:var( --e-global-typography-secondary-font-family ), Sans-serif;font-size:var( --e-global-typography-secondary-font-size );font-weight:var( --e-global-typography-secondary-font-weight );line-height:var( --e-global-typography-secondary-line-height );color:var( --e-global-color-primary );}@media(max-width:1024px){.elementor-1126 .elementor-element.elementor-element-278a30bb:not(.elementor-motion-effects-element-type-background), .elementor-1126 .elementor-element.elementor-element-278a30bb > .elementor-motion-effects-container > .elementor-motion-effects-layer{background-position:0px 0px;}.elementor-1126 .elementor-element.elementor-element-278a30bb{padding:80px 10px 80px 10px;}.elementor-1126 .elementor-element.elementor-element-27aa9d93 .elementor-heading-title{font-size:var( --e-global-typography-secondary-font-size );line-height:var( --e-global-typography-secondary-line-height );}.elementor-1126 .elementor-element.elementor-element-5c09d59f{padding:60px 10px 40px 10px;}.elementor-1126 .elementor-element.elementor-element-549d2d50 .elementor-heading-title{font-size:var( --e-global-typography-9ccb7f4-font-size );line-height:var( --e-global-typography-9ccb7f4-line-height );letter-spacing:var( --e-global-typography-9ccb7f4-letter-spacing );word-spacing:var( --e-global-typography-9ccb7f4-word-spacing );}.elementor-1126 .elementor-element.elementor-element-7ee6637 .elementor-heading-title{font-size:var( --e-global-typography-secondary-font-size );line-height:var( --e-global-typography-secondary-line-height );}}@media(max-width:767px){.elementor-1126 .elementor-element.elementor-element-278a30bb:not(.elementor-motion-effects-element-type-background), .elementor-1126 .elementor-element.elementor-element-278a30bb > .elementor-motion-effects-container > .elementor-motion-effects-layer{background-position:0px 0px;}.elementor-1126 .elementor-element.elementor-element-278a30bb{padding:60px 10px 60px 10px;}.elementor-1126 .elementor-element.elementor-element-27aa9d93{text-align:center;}.elementor-1126 .elementor-element.elementor-element-27aa9d93 .elementor-heading-title{font-size:var( --e-global-typography-secondary-font-size );line-height:var( --e-global-typography-secondary-line-height );}.elementor-1126 .elementor-element.elementor-element-5c09d59f{padding:40px 5px 20px 5px;}.elementor-1126 .elementor-element.elementor-element-549d2d50 .elementor-heading-title{font-size:var( --e-global-typography-9ccb7f4-font-size );line-height:var( --e-global-typography-9ccb7f4-line-height );letter-spacing:var( --e-global-typography-9ccb7f4-letter-spacing );word-spacing:var( --e-global-typography-9ccb7f4-word-spacing );}.elementor-1126 .elementor-element.elementor-element-7ee6637 .elementor-heading-title{font-size:var( --e-global-typography-secondary-font-size );line-height:var( --e-global-typography-secondary-line-height );}}<\/style>\t\t<div data-elementor-type=\"wp-page\" data-elementor-id=\"1126\" class=\"elementor elementor-1126\" data-elementor-settings=\"{&quot;ha_cmc_init_switcher&quot;:&quot;no&quot;}\" data-elementor-post-type=\"page\">\n\t\t\t\t\t\t<section class=\"elementor-section elementor-top-section elementor-element elementor-element-278a30bb elementor-section-content-middle elementor-section-boxed elementor-section-height-default elementor-section-height-default wpr-particle-no wpr-jarallax-no wpr-parallax-no wpr-sticky-section-no wpr-equal-height-no\" data-id=\"278a30bb\" data-element_type=\"section\" data-e-type=\"section\" data-settings=\"{&quot;background_background&quot;:&quot;classic&quot;,&quot;_ha_eqh_enable&quot;:false}\">\n\t\t\t\t\t\t\t<div class=\"elementor-background-overlay\"><\/div>\n\t\t\t\t\t\t\t<div class=\"elementor-container elementor-column-gap-default\">\n\t\t\t\t\t<div class=\"elementor-column elementor-col-50 elementor-top-column elementor-element elementor-element-51c66fc8\" data-id=\"51c66fc8\" data-element_type=\"column\" data-e-type=\"column\">\n\t\t\t<div class=\"elementor-widget-wrap elementor-element-populated\">\n\t\t\t\t\t\t<div class=\"elementor-element elementor-element-27aa9d93 elementor-widget elementor-widget-heading\" data-id=\"27aa9d93\" data-element_type=\"widget\" data-e-type=\"widget\" data-widget_type=\"heading.default\">\n\t\t\t\t<div class=\"elementor-widget-container\">\n\t\t\t\t\t<h2 class=\"elementor-heading-title elementor-size-default\">Comit\u00e9s<\/h2>\t\t\t\t<\/div>\n\t\t\t\t<\/div>\n\t\t\t\t\t<\/div>\n\t\t<\/div>\n\t\t\t\t<div class=\"elementor-column elementor-col-50 elementor-top-column elementor-element elementor-element-79175d7a\" data-id=\"79175d7a\" data-element_type=\"column\" data-e-type=\"column\">\n\t\t\t<div class=\"elementor-widget-wrap\">\n\t\t\t\t\t\t\t<\/div>\n\t\t<\/div>\n\t\t\t\t\t<\/div>\n\t\t<\/section>\n\t\t\t\t<section class=\"elementor-section elementor-top-section elementor-element elementor-element-5c09d59f elementor-section-boxed elementor-section-height-default elementor-section-height-default wpr-particle-no wpr-jarallax-no wpr-parallax-no wpr-sticky-section-no wpr-equal-height-no\" data-id=\"5c09d59f\" data-element_type=\"section\" data-e-type=\"section\" data-settings=\"{&quot;background_background&quot;:&quot;classic&quot;,&quot;_ha_eqh_enable&quot;:false}\">\n\t\t\t\t\t\t<div class=\"elementor-container elementor-column-gap-default\">\n\t\t\t\t\t<div class=\"elementor-column elementor-col-100 elementor-top-column elementor-element elementor-element-235165f9\" data-id=\"235165f9\" data-element_type=\"column\" data-e-type=\"column\">\n\t\t\t<div class=\"elementor-widget-wrap elementor-element-populated\">\n\t\t\t\t\t\t<div class=\"elementor-element elementor-element-549d2d50 animated-slow elementor-invisible elementor-widget elementor-widget-heading\" data-id=\"549d2d50\" data-element_type=\"widget\" data-e-type=\"widget\" data-settings=\"{&quot;_animation&quot;:&quot;fadeInUp&quot;}\" data-widget_type=\"heading.default\">\n\t\t\t\t<div class=\"elementor-widget-container\">\n\t\t\t\t\t<h5 class=\"elementor-heading-title elementor-size-default\">\n<\/h5>\t\t\t\t<\/div>\n\t\t\t\t<\/div>\n\t\t\t\t<div class=\"elementor-element elementor-element-7ee6637 elementor-widget elementor-widget-heading\" data-id=\"7ee6637\" data-element_type=\"widget\" data-e-type=\"widget\" data-widget_type=\"heading.default\">\n\t\t\t\t<div class=\"elementor-widget-container\">\n\t\t\t\t\t<h2 class=\"elementor-heading-title elementor-size-default\">Comit\u00e9s  De Apoyo a La Junta Directiva<\/h2>\t\t\t\t<\/div>\n\t\t\t\t<\/div>\n\t\t\t\t<div class=\"elementor-element elementor-element-c2a8bfc elementor-widget elementor-widget-text-editor\" data-id=\"c2a8bfc\" data-element_type=\"widget\" data-e-type=\"widget\" data-widget_type=\"text-editor.default\">\n\t\t\t\t<div class=\"elementor-widget-container\">\n\t\t\t\t\t\t\t\t\t<p>Los comit\u00e9s de la Junta Directiva funcionan como organismos estrat\u00e9gicos para el establecimiento, seguimiento, monitoreo, an\u00e1lisis, evaluaci\u00f3n y mejora de los lineamientos relacionados con la conducta y buen gobierno corporativo, desde las perspectivas de gobierno organizacional, contralor\u00eda interna, gesti\u00f3n integral de riesgos, transparencia y conducta.&nbsp;<\/p>\n<p><\/p>\n<ol>\n<li><strong>COMIT\u00c9 DE CONTRALOR\u00cdA INTERNA<\/strong><\/li>\n<\/ol>\n<p>El Comit\u00e9 de Contralor\u00eda Interna es el organismo encargado de liderar y apoyar a la Junta Directiva en la inspecci\u00f3n y seguimiento de pol\u00edticas, procedimientos y controles establecidos, an\u00e1lisis de la ejecuci\u00f3n de las operaciones de IPS Cuidado Seguro en Casa S.A., el an\u00e1lisis de las salvedades generadas por el revisor fiscal y la revisi\u00f3n peri\u00f3dica de la arquitectura de control y del sistema de gesti\u00f3n del riesgo.&nbsp;&nbsp;<\/p>\n<p><strong>&nbsp;<\/strong><\/p>\n<p><strong>CONFORMACION:<\/strong> El Comit\u00e9 de Contralor\u00eda Interna de la IPS est\u00e1 conformado por tres (3) miembros, debidamente nombrados por la Junta Directiva, dos directores de la Junta Directiva: un miembro patrimonial y un miembro independiente, y un experto externo a la Junta.&nbsp;&nbsp;<\/p>\n<p><\/p>\n<ol start=\"2\">\n<li><strong>COMIT\u00c9 DE GOBIERNO ORGANIZACIONAL<\/strong><\/li>\n<\/ol>\n<p>El Comit\u00e9 de Gobierno Organizacional est\u00e1 encargado de apoyar a la Junta Directiva en la definici\u00f3n de pol\u00edticas de nombramientos y retribuciones, la garant\u00eda de acceso a la informaci\u00f3n veraz y oportuna sobre la organizaci\u00f3n, la evaluaci\u00f3n anual del desempe\u00f1o de la Junta Directiva de IPS Cuidado Seguro en Casa S.A., los \u00f3rganos de control interno, los \u00f3rganos de gesti\u00f3n y la monitorizaci\u00f3n de negociaciones con terceros.&nbsp;&nbsp;<\/p>\n<p><strong>&nbsp;<\/strong><\/p>\n<p><strong>CONFORMACION:<\/strong> El Comit\u00e9 de Gobierno Organizacional de la IPS est\u00e1 conformado por tres (3) miembros; los cuales ser\u00e1n elegidos por la Junta Directiva de IPS Cuidado Seguro en Casa S.A., de los cuales dos (2) ser\u00e1n directores de la junta directiva y un (1) asesor independiente a ella, experto en conocimientos de gobierno organizacional; podr\u00e1n ser reelegidos o removidos en cualquier momento.&nbsp;&nbsp;<\/p>\n<p><\/p>\n<ol start=\"3\">\n<li><strong>COMIT\u00c9 DE RIESGOS<\/strong><\/li>\n<\/ol>\n<p>El Comit\u00e9 de Gesti\u00f3n del Riesgo es el organismo encargado de liderar la proposici\u00f3n de actualizaciones y mejoras de los mecanismos, pol\u00edticas, estrategias, metodolog\u00edas, principios y procesos para identificar, reportar, medir, evaluar, cuantificar, monitorear, controlar y gestionar los riesgos presentes y futuros a los cuales la compa\u00f1\u00eda se encuentra expuesta; as\u00ed como de la implementaci\u00f3n, desarrollo y monitoreo de la pol\u00edtica y estrategias de la gesti\u00f3n del riesgo de IPS Cuidado Seguro en Casa S.A.&nbsp;&nbsp;<\/p>\n<p><\/p>\n<p><strong>CONFORMACION:<\/strong> El Comit\u00e9 de Gesti\u00f3n del Riesgo de la IPS est\u00e1 conformado por cinco (5) miembros, debidamente nombrados por la Junta Directiva:&nbsp;&nbsp;<\/p>\n<p><\/p>\n<ul>\n<li>Tres (3) directores de la Junta Directiva.<\/li>\n<li>Un Asesor externo a la Junta Directiva con formaci\u00f3n en actuaria o econom\u00eda o matem\u00e1ticas o estad\u00edstica.<\/li>\n<li>Un Asesor externo a la Junta Directiva con formaci\u00f3n en salud y con conocimientos en epidemiologia.<\/li>\n<\/ul>\n<ol start=\"4\">\n<li><strong>COMIT\u00c9 DE CONDUCTA&nbsp;<\/strong><\/li>\n<\/ol>\n<p>El Comit\u00e9 de Conducta es el organismo t\u00e9cnico de apoyo a la Junta Directiva para temas relacionados con las pol\u00edticas de gesti\u00f3n \u00e9tica y de conflictos de inter\u00e9s, promoci\u00f3n y socializaci\u00f3n del c\u00f3digo de conducta y buen gobierno y dem\u00e1s acciones de conformidad con las medidas 51, 52, 53, 54, 55, 105, 106 y 107, de la circular 003 de mayo de 2018 expedida por la Superintendencia Nacional de Salud.&nbsp;&nbsp;<\/p>\n<p><strong>&nbsp;<\/strong><\/p>\n<p><strong>CONFORMACI\u00d3N:<\/strong> El Comit\u00e9 de Conducta de Mutual IPS Cuidado Seguro en Casa S.A. est\u00e1 conformado por tres (3) miembros, debidamente nombrados por la Junta Directiva:&nbsp;&nbsp;<\/p>\n<ul>\n<li>Director de cultura y talento humano.&nbsp;<\/li>\n<li>Director Administrativo y Financiero.&nbsp;<\/li>\n<li>Director de Calidad y Auditor\u00eda.<\/li>\n<\/ul>\n<div><br><\/div>\n<div>Tambi\u00e9n nos aseguramos de que nuestros pacientes Continuaron disfrutando de la vida y haciendo lo que hac\u00edan en la vida ordinaria. Este es un tipo diferente de juegos como las cartas de damas de backgammon y tambi\u00e9n un juego popular&nbsp;<a href=\"https:\/\/slotogate.com\/de\/slots\/legacy-of-dead\/\" target=\"_blank\">legacy of dead&nbsp;<\/a>. Todo esto se puede encontrar en la plataforma Slotogate de la puerta.<br><\/div>\t\t\t\t\t\t\t\t<\/div>\n\t\t\t\t<\/div>\n\t\t\t\t\t<\/div>\n\t\t<\/div>\n\t\t\t\t\t<\/div>\n\t\t<\/section>\n\t\t\t\t<\/div>\n\t\t","protected":false},"excerpt":{"rendered":"<p>Comit\u00e9s Comit\u00e9s De Apoyo a La Junta Directiva Los comit\u00e9s de la Junta Directiva funcionan como organismos estrat\u00e9gicos para el establecimiento, seguimiento, monitoreo, an\u00e1lisis, evaluaci\u00f3n y mejora de los lineamientos relacionados con la conducta y buen gobierno corporativo, desde las perspectivas de gobierno organizacional, contralor\u00eda interna, gesti\u00f3n integral de riesgos, transparencia y conducta.&nbsp; COMIT\u00c9 DE CONTRALOR\u00cdA INTERNA El Comit\u00e9 de Contralor\u00eda Interna es el organismo encargado de liderar y apoyar a la Junta Directiva en la inspecci\u00f3n y seguimiento de pol\u00edticas, procedimientos y controles establecidos, an\u00e1lisis de la ejecuci\u00f3n de las operaciones de IPS Cuidado Seguro en Casa S.A., el an\u00e1lisis de las salvedades generadas por el revisor fiscal y la revisi\u00f3n peri\u00f3dica de la arquitectura de control y del sistema de gesti\u00f3n del riesgo.&nbsp;&nbsp; &nbsp; CONFORMACION: El Comit\u00e9 de Contralor\u00eda Interna de la IPS est\u00e1 conformado por tres (3) miembros, debidamente nombrados por la Junta Directiva, dos directores de la Junta Directiva: un miembro patrimonial y un miembro independiente, y un experto externo a la Junta.&nbsp;&nbsp; COMIT\u00c9 DE GOBIERNO ORGANIZACIONAL El Comit\u00e9 de Gobierno Organizacional est\u00e1 encargado de apoyar a la Junta Directiva en la definici\u00f3n de pol\u00edticas de nombramientos y retribuciones, la garant\u00eda de acceso a la informaci\u00f3n veraz y oportuna sobre la organizaci\u00f3n, la evaluaci\u00f3n anual del desempe\u00f1o de la Junta Directiva de IPS Cuidado Seguro en Casa S.A., los \u00f3rganos de control interno, los \u00f3rganos de gesti\u00f3n y la monitorizaci\u00f3n de negociaciones con terceros.&nbsp;&nbsp; &nbsp; CONFORMACION: El Comit\u00e9 de Gobierno Organizacional de la IPS est\u00e1 conformado por tres (3) miembros; los cuales ser\u00e1n elegidos por la Junta Directiva de IPS Cuidado Seguro en Casa S.A., de los cuales dos (2) ser\u00e1n directores de la junta directiva y un (1) asesor independiente a ella, experto en conocimientos de gobierno organizacional; podr\u00e1n ser reelegidos o removidos en cualquier momento.&nbsp;&nbsp; COMIT\u00c9 DE RIESGOS El Comit\u00e9 de Gesti\u00f3n del Riesgo es el organismo encargado de liderar la proposici\u00f3n de actualizaciones y mejoras de los mecanismos, pol\u00edticas, estrategias, metodolog\u00edas, principios y procesos para identificar, reportar, medir, evaluar, cuantificar, monitorear, controlar y gestionar los riesgos presentes y futuros a los cuales la compa\u00f1\u00eda se encuentra expuesta; as\u00ed como de la implementaci\u00f3n, desarrollo y monitoreo de la pol\u00edtica y estrategias de la gesti\u00f3n del riesgo de IPS Cuidado Seguro en Casa S.A.&nbsp;&nbsp; CONFORMACION: El Comit\u00e9 de Gesti\u00f3n del Riesgo de la IPS est\u00e1 conformado por cinco (5) miembros, debidamente nombrados por la Junta Directiva:&nbsp;&nbsp; Tres (3) directores de la Junta Directiva. Un Asesor externo a la Junta Directiva con formaci\u00f3n en actuaria o econom\u00eda o matem\u00e1ticas o estad\u00edstica. Un Asesor externo a la Junta Directiva con formaci\u00f3n en salud y con conocimientos en epidemiologia. COMIT\u00c9 DE CONDUCTA&nbsp; El Comit\u00e9 de Conducta es el organismo t\u00e9cnico de apoyo a la Junta Directiva para temas relacionados con las pol\u00edticas de gesti\u00f3n \u00e9tica y de conflictos de inter\u00e9s, promoci\u00f3n y socializaci\u00f3n del c\u00f3digo de conducta y buen gobierno y dem\u00e1s acciones de conformidad con las medidas 51, 52, 53, 54, 55, 105, 106 y 107, de la circular 003 de mayo de 2018 expedida por la Superintendencia Nacional de Salud.&nbsp;&nbsp; &nbsp; CONFORMACI\u00d3N: El Comit\u00e9 de Conducta de Mutual IPS Cuidado Seguro en Casa S.A. est\u00e1 conformado por tres (3) miembros, debidamente nombrados por la Junta Directiva:&nbsp;&nbsp; Director de cultura y talento humano.&nbsp; Director Administrativo y Financiero.&nbsp; Director de Calidad y Auditor\u00eda. Tambi\u00e9n nos aseguramos de que nuestros pacientes Continuaron disfrutando de la vida y haciendo lo que hac\u00edan en la vida ordinaria. Este es un tipo diferente de juegos como las cartas de damas de backgammon y tambi\u00e9n un juego popular&nbsp;legacy of dead&nbsp;. Todo esto se puede encontrar en la plataforma Slotogate de la puerta.<\/p>\n","protected":false},"author":1,"featured_media":0,"parent":0,"menu_order":0,"comment_status":"closed","ping_status":"closed","template":"","meta":{"footnotes":""},"class_list":["post-1126","page","type-page","status-publish","hentry"],"_links":{"self":[{"href":"https:\/\/cuidadoseguro.com.co\/csc3\/wp-json\/wp\/v2\/pages\/1126","targetHints":{"allow":["GET"]}}],"collection":[{"href":"https:\/\/cuidadoseguro.com.co\/csc3\/wp-json\/wp\/v2\/pages"}],"about":[{"href":"https:\/\/cuidadoseguro.com.co\/csc3\/wp-json\/wp\/v2\/types\/page"}],"author":[{"embeddable":true,"href":"https:\/\/cuidadoseguro.com.co\/csc3\/wp-json\/wp\/v2\/users\/1"}],"replies":[{"embeddable":true,"href":"https:\/\/cuidadoseguro.com.co\/csc3\/wp-json\/wp\/v2\/comments?post=1126"}],"version-history":[{"count":6,"href":"https:\/\/cuidadoseguro.com.co\/csc3\/wp-json\/wp\/v2\/pages\/1126\/revisions"}],"predecessor-version":[{"id":3784,"href":"https:\/\/cuidadoseguro.com.co\/csc3\/wp-json\/wp\/v2\/pages\/1126\/revisions\/3784"}],"wp:attachment":[{"href":"https:\/\/cuidadoseguro.com.co\/csc3\/wp-json\/wp\/v2\/media?parent=1126"}],"curies":[{"name":"wp","href":"https:\/\/api.w.org\/{rel}","templated":true}]}}